{"id":24710,"date":"2023-05-29T16:34:16","date_gmt":"2023-05-29T13:34:16","guid":{"rendered":"https:\/\/blanciaeyewear.com\/?post_type=product&#038;p=24710"},"modified":"2023-05-30T13:55:51","modified_gmt":"2023-05-30T10:55:51","slug":"blancia-bc-321","status":"publish","type":"product","link":"https:\/\/blanciaeyewear.com\/tr\/product\/blancia-bc-321\/","title":{"rendered":"BLANCIA BC 321"},"content":{"rendered":"","protected":false},"excerpt":{"rendered":"<p>BLANCIA, d\u00fcnyan\u0131n d\u00f6rt bir yan\u0131ndaki moda severlerin ki\u015fisel tarzlar\u0131n\u0131 ifade etmelerine yard\u0131mc\u0131 olmak i\u00e7in \u0131\u015f\u0131lt\u0131l\u0131 stillerden tasar\u0131mc\u0131 \u00fcr\u00fcnlerine ve g\u00fcndelik g\u00f6zl\u00fcklerden y\u00fcksek performansl\u0131 spor g\u00f6zl\u00fcklere kadar geni\u015f bir model yelpazesi i\u00e7erir. BLANCIA modadan \u00e7ok daha fazlas\u0131d\u0131r. BLANCIA uzun s\u00fcre kullan\u0131lmak ve sevilmek i\u00e7in tasarlanm\u0131\u015ft\u0131r. BLANCIA, iyi yap\u0131lm\u0131\u015f, uzun \u00f6m\u00fcrl\u00fc \u00fcr\u00fcnleri kaliteli ve kolay eri\u015filebilir bir bi\u00e7imde sunar.<\/p>\n","protected":false},"featured_media":24262,"template":"","meta":[],"product_brand":[],"product_cat":[1708,1890,1896,1889,1891,2080],"product_tag":[],"class_list":{"0":"post-24710","1":"product","2":"type-product","3":"status-publish","4":"has-post-thumbnail","6":"product_cat-erkek-koleksiyonlar","7":"product_cat-kadin","8":"product_cat-koleksiyonlar","9":"product_cat-optik-cerceve","10":"product_cat-optik-cerceve-kadin","11":"product_cat-unisex","13":"first","14":"instock","15":"shipping-taxable","16":"purchasable","17":"product-type-variable"},"yoast_head":"<!-- This site is optimized with the Yoast SEO plugin v27.4 - https:\/\/yoast.com\/product\/yoast-seo-wordpress\/ -->\n<title>BLANCIA BC 321 - Blancia Eyewear<\/title>\n<meta name=\"robots\" content=\"index, follow, max-snippet:-1, max-image-preview:large, max-video-preview:-1\" \/>\n<link rel=\"canonical\" href=\"https:\/\/blanciaeyewear.com\/tr\/urun\/blancia-bc-321\/\" \/>\n<meta property=\"og:locale\" content=\"tr_TR\" \/>\n<meta property=\"og:type\" content=\"article\" \/>\n<meta property=\"og:title\" content=\"BLANCIA BC 321 - Blancia Eyewear\" \/>\n<meta property=\"og:description\" content=\"BLANCIA, d\u00fcnyan\u0131n d\u00f6rt bir yan\u0131ndaki moda severlerin ki\u015fisel tarzlar\u0131n\u0131 ifade etmelerine yard\u0131mc\u0131 olmak i\u00e7in \u0131\u015f\u0131lt\u0131l\u0131 stillerden tasar\u0131mc\u0131 \u00fcr\u00fcnlerine ve g\u00fcndelik g\u00f6zl\u00fcklerden y\u00fcksek performansl\u0131 spor g\u00f6zl\u00fcklere kadar geni\u015f bir model yelpazesi i\u00e7erir. BLANCIA modadan \u00e7ok daha fazlas\u0131d\u0131r. BLANCIA uzun s\u00fcre kullan\u0131lmak ve sevilmek i\u00e7in tasarlanm\u0131\u015ft\u0131r. BLANCIA, iyi yap\u0131lm\u0131\u015f, uzun \u00f6m\u00fcrl\u00fc \u00fcr\u00fcnleri kaliteli ve kolay eri\u015filebilir bir bi\u00e7imde sunar.\" \/>\n<meta property=\"og:url\" content=\"https:\/\/blanciaeyewear.com\/tr\/urun\/blancia-bc-321\/\" \/>\n<meta property=\"og:site_name\" content=\"Blancia Eyewear\" \/>\n<meta property=\"article:modified_time\" content=\"2023-05-30T10:55:51+00:00\" \/>\n<meta property=\"og:image\" content=\"https:\/\/blanciaeyewear.com\/wp-content\/uploads\/2023\/05\/BLANCIA-BC321C153-18.jpg\" \/>\n\t<meta property=\"og:image:width\" content=\"1280\" \/>\n\t<meta property=\"og:image:height\" content=\"1280\" \/>\n\t<meta property=\"og:image:type\" content=\"image\/jpeg\" \/>\n<meta name=\"twitter:card\" content=\"summary_large_image\" \/>\n<script type=\"application\/ld+json\" class=\"yoast-schema-graph\">{\"@context\":\"https:\\\/\\\/schema.org\",\"@graph\":[{\"@type\":\"WebPage\",\"@id\":\"https:\\\/\\\/blanciaeyewear.com\\\/tr\\\/urun\\\/blancia-bc-321\\\/\",\"url\":\"https:\\\/\\\/blanciaeyewear.com\\\/tr\\\/urun\\\/blancia-bc-321\\\/\",\"name\":\"BLANCIA BC 321 - Blancia Eyewear\",\"isPartOf\":{\"@id\":\"https:\\\/\\\/blanciaeyewear.com\\\/#website\"},\"primaryImageOfPage\":{\"@id\":\"https:\\\/\\\/blanciaeyewear.com\\\/tr\\\/urun\\\/blancia-bc-321\\\/#primaryimage\"},\"image\":{\"@id\":\"https:\\\/\\\/blanciaeyewear.com\\\/tr\\\/urun\\\/blancia-bc-321\\\/#primaryimage\"},\"thumbnailUrl\":\"https:\\\/\\\/blanciaeyewear.com\\\/wp-content\\\/uploads\\\/2023\\\/05\\\/BLANCIA-BC321C153-18.jpg\",\"datePublished\":\"2023-05-29T13:34:16+00:00\",\"dateModified\":\"2023-05-30T10:55:51+00:00\",\"breadcrumb\":{\"@id\":\"https:\\\/\\\/blanciaeyewear.com\\\/tr\\\/urun\\\/blancia-bc-321\\\/#breadcrumb\"},\"inLanguage\":\"tr\",\"potentialAction\":[{\"@type\":\"ReadAction\",\"target\":[\"https:\\\/\\\/blanciaeyewear.com\\\/tr\\\/urun\\\/blancia-bc-321\\\/\"]}]},{\"@type\":\"ImageObject\",\"inLanguage\":\"tr\",\"@id\":\"https:\\\/\\\/blanciaeyewear.com\\\/tr\\\/urun\\\/blancia-bc-321\\\/#primaryimage\",\"url\":\"https:\\\/\\\/blanciaeyewear.com\\\/wp-content\\\/uploads\\\/2023\\\/05\\\/BLANCIA-BC321C153-18.jpg\",\"contentUrl\":\"https:\\\/\\\/blanciaeyewear.com\\\/wp-content\\\/uploads\\\/2023\\\/05\\\/BLANCIA-BC321C153-18.jpg\",\"width\":1280,\"height\":1280},{\"@type\":\"BreadcrumbList\",\"@id\":\"https:\\\/\\\/blanciaeyewear.com\\\/tr\\\/urun\\\/blancia-bc-321\\\/#breadcrumb\",\"itemListElement\":[{\"@type\":\"ListItem\",\"position\":1,\"name\":\"Home\",\"item\":\"https:\\\/\\\/blanciaeyewear.com\\\/tr\\\/\"},{\"@type\":\"ListItem\",\"position\":2,\"name\":\"Colections\",\"item\":\"https:\\\/\\\/blanciaeyewear.com\\\/shop\\\/\"},{\"@type\":\"ListItem\",\"position\":3,\"name\":\"BLANCIA BC 321\"}]},{\"@type\":\"WebSite\",\"@id\":\"https:\\\/\\\/blanciaeyewear.com\\\/#website\",\"url\":\"https:\\\/\\\/blanciaeyewear.com\\\/\",\"name\":\"Blancia Eyewear\",\"description\":\"\",\"publisher\":{\"@id\":\"https:\\\/\\\/blanciaeyewear.com\\\/#organization\"},\"potentialAction\":[{\"@type\":\"SearchAction\",\"target\":{\"@type\":\"EntryPoint\",\"urlTemplate\":\"https:\\\/\\\/blanciaeyewear.com\\\/?s={search_term_string}\"},\"query-input\":{\"@type\":\"PropertyValueSpecification\",\"valueRequired\":true,\"valueName\":\"search_term_string\"}}],\"inLanguage\":\"tr\"},{\"@type\":\"Organization\",\"@id\":\"https:\\\/\\\/blanciaeyewear.com\\\/#organization\",\"name\":\"Blancia Eyewear\",\"url\":\"https:\\\/\\\/blanciaeyewear.com\\\/\",\"logo\":{\"@type\":\"ImageObject\",\"inLanguage\":\"tr\",\"@id\":\"https:\\\/\\\/blanciaeyewear.com\\\/#\\\/schema\\\/logo\\\/image\\\/\",\"url\":\"http:\\\/\\\/blanciaeyewear.com\\\/wp-content\\\/uploads\\\/2022\\\/09\\\/Blancia-logo.png\",\"contentUrl\":\"http:\\\/\\\/blanciaeyewear.com\\\/wp-content\\\/uploads\\\/2022\\\/09\\\/Blancia-logo.png\",\"width\":1385,\"height\":490,\"caption\":\"Blancia Eyewear\"},\"image\":{\"@id\":\"https:\\\/\\\/blanciaeyewear.com\\\/#\\\/schema\\\/logo\\\/image\\\/\"},\"sameAs\":[\"https:\\\/\\\/www.instagram.com\\\/blanciamilanoeyewear\"]}]}<\/script>\n<!-- \/ Yoast SEO plugin. -->","yoast_head_json":{"title":"BLANCIA BC 321 - Blancia Eyewear","robots":{"index":"index","follow":"follow","max-snippet":"max-snippet:-1","max-image-preview":"max-image-preview:large","max-video-preview":"max-video-preview:-1"},"canonical":"https:\/\/blanciaeyewear.com\/tr\/urun\/blancia-bc-321\/","og_locale":"tr_TR","og_type":"article","og_title":"BLANCIA BC 321 - Blancia Eyewear","og_description":"BLANCIA, d\u00fcnyan\u0131n d\u00f6rt bir yan\u0131ndaki moda severlerin ki\u015fisel tarzlar\u0131n\u0131 ifade etmelerine yard\u0131mc\u0131 olmak i\u00e7in \u0131\u015f\u0131lt\u0131l\u0131 stillerden tasar\u0131mc\u0131 \u00fcr\u00fcnlerine ve g\u00fcndelik g\u00f6zl\u00fcklerden y\u00fcksek performansl\u0131 spor g\u00f6zl\u00fcklere kadar geni\u015f bir model yelpazesi i\u00e7erir. BLANCIA modadan \u00e7ok daha fazlas\u0131d\u0131r. BLANCIA uzun s\u00fcre kullan\u0131lmak ve sevilmek i\u00e7in tasarlanm\u0131\u015ft\u0131r. BLANCIA, iyi yap\u0131lm\u0131\u015f, uzun \u00f6m\u00fcrl\u00fc \u00fcr\u00fcnleri kaliteli ve kolay eri\u015filebilir bir bi\u00e7imde sunar.","og_url":"https:\/\/blanciaeyewear.com\/tr\/urun\/blancia-bc-321\/","og_site_name":"Blancia Eyewear","article_modified_time":"2023-05-30T10:55:51+00:00","og_image":[{"width":1280,"height":1280,"url":"https:\/\/blanciaeyewear.com\/wp-content\/uploads\/2023\/05\/BLANCIA-BC321C153-18.jpg","type":"image\/jpeg"}],"twitter_card":"summary_large_image","schema":{"@context":"https:\/\/schema.org","@graph":[{"@type":"WebPage","@id":"https:\/\/blanciaeyewear.com\/tr\/urun\/blancia-bc-321\/","url":"https:\/\/blanciaeyewear.com\/tr\/urun\/blancia-bc-321\/","name":"BLANCIA BC 321 - Blancia Eyewear","isPartOf":{"@id":"https:\/\/blanciaeyewear.com\/#website"},"primaryImageOfPage":{"@id":"https:\/\/blanciaeyewear.com\/tr\/urun\/blancia-bc-321\/#primaryimage"},"image":{"@id":"https:\/\/blanciaeyewear.com\/tr\/urun\/blancia-bc-321\/#primaryimage"},"thumbnailUrl":"https:\/\/blanciaeyewear.com\/wp-content\/uploads\/2023\/05\/BLANCIA-BC321C153-18.jpg","datePublished":"2023-05-29T13:34:16+00:00","dateModified":"2023-05-30T10:55:51+00:00","breadcrumb":{"@id":"https:\/\/blanciaeyewear.com\/tr\/urun\/blancia-bc-321\/#breadcrumb"},"inLanguage":"tr","potentialAction":[{"@type":"ReadAction","target":["https:\/\/blanciaeyewear.com\/tr\/urun\/blancia-bc-321\/"]}]},{"@type":"ImageObject","inLanguage":"tr","@id":"https:\/\/blanciaeyewear.com\/tr\/urun\/blancia-bc-321\/#primaryimage","url":"https:\/\/blanciaeyewear.com\/wp-content\/uploads\/2023\/05\/BLANCIA-BC321C153-18.jpg","contentUrl":"https:\/\/blanciaeyewear.com\/wp-content\/uploads\/2023\/05\/BLANCIA-BC321C153-18.jpg","width":1280,"height":1280},{"@type":"BreadcrumbList","@id":"https:\/\/blanciaeyewear.com\/tr\/urun\/blancia-bc-321\/#breadcrumb","itemListElement":[{"@type":"ListItem","position":1,"name":"Home","item":"https:\/\/blanciaeyewear.com\/tr\/"},{"@type":"ListItem","position":2,"name":"Colections","item":"https:\/\/blanciaeyewear.com\/shop\/"},{"@type":"ListItem","position":3,"name":"BLANCIA BC 321"}]},{"@type":"WebSite","@id":"https:\/\/blanciaeyewear.com\/#website","url":"https:\/\/blanciaeyewear.com\/","name":"Blancia Eyewear","description":"","publisher":{"@id":"https:\/\/blanciaeyewear.com\/#organization"},"potentialAction":[{"@type":"SearchAction","target":{"@type":"EntryPoint","urlTemplate":"https:\/\/blanciaeyewear.com\/?s={search_term_string}"},"query-input":{"@type":"PropertyValueSpecification","valueRequired":true,"valueName":"search_term_string"}}],"inLanguage":"tr"},{"@type":"Organization","@id":"https:\/\/blanciaeyewear.com\/#organization","name":"Blancia Eyewear","url":"https:\/\/blanciaeyewear.com\/","logo":{"@type":"ImageObject","inLanguage":"tr","@id":"https:\/\/blanciaeyewear.com\/#\/schema\/logo\/image\/","url":"http:\/\/blanciaeyewear.com\/wp-content\/uploads\/2022\/09\/Blancia-logo.png","contentUrl":"http:\/\/blanciaeyewear.com\/wp-content\/uploads\/2022\/09\/Blancia-logo.png","width":1385,"height":490,"caption":"Blancia Eyewear"},"image":{"@id":"https:\/\/blanciaeyewear.com\/#\/schema\/logo\/image\/"},"sameAs":["https:\/\/www.instagram.com\/blanciamilanoeyewear"]}]}},"_links":{"self":[{"href":"https:\/\/blanciaeyewear.com\/tr\/wp-json\/wp\/v2\/product\/24710","targetHints":{"allow":["GET"]}}],"collection":[{"href":"https:\/\/blanciaeyewear.com\/tr\/wp-json\/wp\/v2\/product"}],"about":[{"href":"https:\/\/blanciaeyewear.com\/tr\/wp-json\/wp\/v2\/types\/product"}],"version-history":[{"count":1,"href":"https:\/\/blanciaeyewear.com\/tr\/wp-json\/wp\/v2\/product\/24710\/revisions"}],"predecessor-version":[{"id":24711,"href":"https:\/\/blanciaeyewear.com\/tr\/wp-json\/wp\/v2\/product\/24710\/revisions\/24711"}],"wp:featuredmedia":[{"embeddable":true,"href":"https:\/\/blanciaeyewear.com\/tr\/wp-json\/wp\/v2\/media\/24262"}],"wp:attachment":[{"href":"https:\/\/blanciaeyewear.com\/tr\/wp-json\/wp\/v2\/media?parent=24710"}],"wp:term":[{"taxonomy":"product_brand","embeddable":true,"href":"https:\/\/blanciaeyewear.com\/tr\/wp-json\/wp\/v2\/product_brand?post=24710"},{"taxonomy":"product_cat","embeddable":true,"href":"https:\/\/blanciaeyewear.com\/tr\/wp-json\/wp\/v2\/product_cat?post=24710"},{"taxonomy":"product_tag","embeddable":true,"href":"https:\/\/blanciaeyewear.com\/tr\/wp-json\/wp\/v2\/product_tag?post=24710"}],"curies":[{"name":"wp","href":"https:\/\/api.w.org\/{rel}","templated":true}]}}