{"id":24112,"date":"2023-05-25T10:16:01","date_gmt":"2023-05-25T07:16:01","guid":{"rendered":"https:\/\/blanciaeyewear.com\/?post_type=product&#038;p=24112"},"modified":"2023-05-26T09:37:10","modified_gmt":"2023-05-26T06:37:10","slug":"blancia-bc-1247","status":"publish","type":"product","link":"https:\/\/blanciaeyewear.com\/tr\/product\/blancia-bc-1247\/","title":{"rendered":"BLANCIA BC 1247"},"content":{"rendered":"","protected":false},"excerpt":{"rendered":"<div class=\"brandeyes\"><a href=\"https:\/\/www.galerioptik.com\/urun\/blancia-milano-bc-1247-c-1\" target=\"_blank\" rel=\"noopener\"><button>Sat\u0131n Al!<\/button><\/a><\/div>\n<p>G\u00f6zl\u00fck \u00fcretim gelene\u011fini yans\u0131tan Blancia Milano koleksiyonlar\u0131, klasik zarafet ve m\u00fckemmelli\u011fi bir arada sunuyor. Blancia Milano klasikle\u015fmi\u015f modelleri ile sekt\u00f6r\u00fcn \u00f6nc\u00fclerinden biri olmay\u0131 hedeflemektedir. Bu \u00f6zel camlar\u0131n \u00e7er\u00e7eveleri, fla\u015fl\u0131 ayna, iki renkli gradyan cam ve elmas kesim \u00f6zellikleri gibi benzersiz \u00f6zelliklerle sunuluyor.<\/p>\n","protected":false},"featured_media":22795,"template":"","meta":[],"product_brand":[],"product_cat":[1708,1892,1893,2086,1563,1890,1896,2080],"product_tag":[],"class_list":{"0":"post-24112","1":"product","2":"type-product","3":"status-publish","4":"has-post-thumbnail","6":"product_cat-erkek-koleksiyonlar","7":"product_cat-gunes-gozlugu","8":"product_cat-gunes-gozlugu-erkek","9":"product_cat-gunes-gozlugu-unisex","10":"product_cat-gunesler","11":"product_cat-kadin","12":"product_cat-koleksiyonlar","13":"product_cat-unisex","15":"first","16":"instock","17":"shipping-taxable","18":"purchasable","19":"product-type-variable"},"yoast_head":"<!-- This site is optimized with the Yoast SEO plugin v27.4 - https:\/\/yoast.com\/product\/yoast-seo-wordpress\/ -->\n<title>BLANCIA BC 1247 - Blancia Eyewear<\/title>\n<meta name=\"robots\" content=\"index, follow, max-snippet:-1, max-image-preview:large, max-video-preview:-1\" \/>\n<link rel=\"canonical\" href=\"https:\/\/blanciaeyewear.com\/tr\/urun\/blancia-bc-1247\/\" \/>\n<meta property=\"og:locale\" content=\"tr_TR\" \/>\n<meta property=\"og:type\" content=\"article\" \/>\n<meta property=\"og:title\" content=\"BLANCIA BC 1247 - Blancia Eyewear\" \/>\n<meta property=\"og:description\" content=\"Sat\u0131n Al! G\u00f6zl\u00fck \u00fcretim gelene\u011fini yans\u0131tan Blancia Milano koleksiyonlar\u0131, klasik zarafet ve m\u00fckemmelli\u011fi bir arada sunuyor. Blancia Milano klasikle\u015fmi\u015f modelleri ile sekt\u00f6r\u00fcn \u00f6nc\u00fclerinden biri olmay\u0131 hedeflemektedir. Bu \u00f6zel camlar\u0131n \u00e7er\u00e7eveleri, fla\u015fl\u0131 ayna, iki renkli gradyan cam ve elmas kesim \u00f6zellikleri gibi benzersiz \u00f6zelliklerle sunuluyor.\" \/>\n<meta property=\"og:url\" content=\"https:\/\/blanciaeyewear.com\/tr\/urun\/blancia-bc-1247\/\" \/>\n<meta property=\"og:site_name\" content=\"Blancia Eyewear\" \/>\n<meta property=\"article:modified_time\" content=\"2023-05-26T06:37:10+00:00\" \/>\n<meta property=\"og:image\" content=\"https:\/\/blanciaeyewear.com\/wp-content\/uploads\/2023\/05\/BLANCIA-BC-1247-C-1.jpg\" \/>\n\t<meta property=\"og:image:width\" content=\"1280\" \/>\n\t<meta property=\"og:image:height\" content=\"1280\" \/>\n\t<meta property=\"og:image:type\" content=\"image\/jpeg\" \/>\n<meta name=\"twitter:card\" content=\"summary_large_image\" \/>\n<script type=\"application\/ld+json\" class=\"yoast-schema-graph\">{\"@context\":\"https:\\\/\\\/schema.org\",\"@graph\":[{\"@type\":\"WebPage\",\"@id\":\"https:\\\/\\\/blanciaeyewear.com\\\/tr\\\/urun\\\/blancia-bc-1247\\\/\",\"url\":\"https:\\\/\\\/blanciaeyewear.com\\\/tr\\\/urun\\\/blancia-bc-1247\\\/\",\"name\":\"BLANCIA BC 1247 - Blancia Eyewear\",\"isPartOf\":{\"@id\":\"https:\\\/\\\/blanciaeyewear.com\\\/#website\"},\"primaryImageOfPage\":{\"@id\":\"https:\\\/\\\/blanciaeyewear.com\\\/tr\\\/urun\\\/blancia-bc-1247\\\/#primaryimage\"},\"image\":{\"@id\":\"https:\\\/\\\/blanciaeyewear.com\\\/tr\\\/urun\\\/blancia-bc-1247\\\/#primaryimage\"},\"thumbnailUrl\":\"https:\\\/\\\/blanciaeyewear.com\\\/wp-content\\\/uploads\\\/2023\\\/05\\\/BLANCIA-BC-1247-C-1.jpg\",\"datePublished\":\"2023-05-25T07:16:01+00:00\",\"dateModified\":\"2023-05-26T06:37:10+00:00\",\"breadcrumb\":{\"@id\":\"https:\\\/\\\/blanciaeyewear.com\\\/tr\\\/urun\\\/blancia-bc-1247\\\/#breadcrumb\"},\"inLanguage\":\"tr\",\"potentialAction\":[{\"@type\":\"ReadAction\",\"target\":[\"https:\\\/\\\/blanciaeyewear.com\\\/tr\\\/urun\\\/blancia-bc-1247\\\/\"]}]},{\"@type\":\"ImageObject\",\"inLanguage\":\"tr\",\"@id\":\"https:\\\/\\\/blanciaeyewear.com\\\/tr\\\/urun\\\/blancia-bc-1247\\\/#primaryimage\",\"url\":\"https:\\\/\\\/blanciaeyewear.com\\\/wp-content\\\/uploads\\\/2023\\\/05\\\/BLANCIA-BC-1247-C-1.jpg\",\"contentUrl\":\"https:\\\/\\\/blanciaeyewear.com\\\/wp-content\\\/uploads\\\/2023\\\/05\\\/BLANCIA-BC-1247-C-1.jpg\",\"width\":1280,\"height\":1280},{\"@type\":\"BreadcrumbList\",\"@id\":\"https:\\\/\\\/blanciaeyewear.com\\\/tr\\\/urun\\\/blancia-bc-1247\\\/#breadcrumb\",\"itemListElement\":[{\"@type\":\"ListItem\",\"position\":1,\"name\":\"Home\",\"item\":\"https:\\\/\\\/blanciaeyewear.com\\\/tr\\\/\"},{\"@type\":\"ListItem\",\"position\":2,\"name\":\"Colections\",\"item\":\"https:\\\/\\\/blanciaeyewear.com\\\/shop\\\/\"},{\"@type\":\"ListItem\",\"position\":3,\"name\":\"BLANCIA BC 1247\"}]},{\"@type\":\"WebSite\",\"@id\":\"https:\\\/\\\/blanciaeyewear.com\\\/#website\",\"url\":\"https:\\\/\\\/blanciaeyewear.com\\\/\",\"name\":\"Blancia Eyewear\",\"description\":\"\",\"publisher\":{\"@id\":\"https:\\\/\\\/blanciaeyewear.com\\\/#organization\"},\"potentialAction\":[{\"@type\":\"SearchAction\",\"target\":{\"@type\":\"EntryPoint\",\"urlTemplate\":\"https:\\\/\\\/blanciaeyewear.com\\\/?s={search_term_string}\"},\"query-input\":{\"@type\":\"PropertyValueSpecification\",\"valueRequired\":true,\"valueName\":\"search_term_string\"}}],\"inLanguage\":\"tr\"},{\"@type\":\"Organization\",\"@id\":\"https:\\\/\\\/blanciaeyewear.com\\\/#organization\",\"name\":\"Blancia Eyewear\",\"url\":\"https:\\\/\\\/blanciaeyewear.com\\\/\",\"logo\":{\"@type\":\"ImageObject\",\"inLanguage\":\"tr\",\"@id\":\"https:\\\/\\\/blanciaeyewear.com\\\/#\\\/schema\\\/logo\\\/image\\\/\",\"url\":\"http:\\\/\\\/blanciaeyewear.com\\\/wp-content\\\/uploads\\\/2022\\\/09\\\/Blancia-logo.png\",\"contentUrl\":\"http:\\\/\\\/blanciaeyewear.com\\\/wp-content\\\/uploads\\\/2022\\\/09\\\/Blancia-logo.png\",\"width\":1385,\"height\":490,\"caption\":\"Blancia Eyewear\"},\"image\":{\"@id\":\"https:\\\/\\\/blanciaeyewear.com\\\/#\\\/schema\\\/logo\\\/image\\\/\"},\"sameAs\":[\"https:\\\/\\\/www.instagram.com\\\/blanciamilanoeyewear\"]}]}<\/script>\n<!-- \/ Yoast SEO plugin. -->","yoast_head_json":{"title":"BLANCIA BC 1247 - Blancia Eyewear","robots":{"index":"index","follow":"follow","max-snippet":"max-snippet:-1","max-image-preview":"max-image-preview:large","max-video-preview":"max-video-preview:-1"},"canonical":"https:\/\/blanciaeyewear.com\/tr\/urun\/blancia-bc-1247\/","og_locale":"tr_TR","og_type":"article","og_title":"BLANCIA BC 1247 - Blancia Eyewear","og_description":"Sat\u0131n Al! G\u00f6zl\u00fck \u00fcretim gelene\u011fini yans\u0131tan Blancia Milano koleksiyonlar\u0131, klasik zarafet ve m\u00fckemmelli\u011fi bir arada sunuyor. Blancia Milano klasikle\u015fmi\u015f modelleri ile sekt\u00f6r\u00fcn \u00f6nc\u00fclerinden biri olmay\u0131 hedeflemektedir. Bu \u00f6zel camlar\u0131n \u00e7er\u00e7eveleri, fla\u015fl\u0131 ayna, iki renkli gradyan cam ve elmas kesim \u00f6zellikleri gibi benzersiz \u00f6zelliklerle sunuluyor.","og_url":"https:\/\/blanciaeyewear.com\/tr\/urun\/blancia-bc-1247\/","og_site_name":"Blancia Eyewear","article_modified_time":"2023-05-26T06:37:10+00:00","og_image":[{"width":1280,"height":1280,"url":"https:\/\/blanciaeyewear.com\/wp-content\/uploads\/2023\/05\/BLANCIA-BC-1247-C-1.jpg","type":"image\/jpeg"}],"twitter_card":"summary_large_image","schema":{"@context":"https:\/\/schema.org","@graph":[{"@type":"WebPage","@id":"https:\/\/blanciaeyewear.com\/tr\/urun\/blancia-bc-1247\/","url":"https:\/\/blanciaeyewear.com\/tr\/urun\/blancia-bc-1247\/","name":"BLANCIA BC 1247 - Blancia Eyewear","isPartOf":{"@id":"https:\/\/blanciaeyewear.com\/#website"},"primaryImageOfPage":{"@id":"https:\/\/blanciaeyewear.com\/tr\/urun\/blancia-bc-1247\/#primaryimage"},"image":{"@id":"https:\/\/blanciaeyewear.com\/tr\/urun\/blancia-bc-1247\/#primaryimage"},"thumbnailUrl":"https:\/\/blanciaeyewear.com\/wp-content\/uploads\/2023\/05\/BLANCIA-BC-1247-C-1.jpg","datePublished":"2023-05-25T07:16:01+00:00","dateModified":"2023-05-26T06:37:10+00:00","breadcrumb":{"@id":"https:\/\/blanciaeyewear.com\/tr\/urun\/blancia-bc-1247\/#breadcrumb"},"inLanguage":"tr","potentialAction":[{"@type":"ReadAction","target":["https:\/\/blanciaeyewear.com\/tr\/urun\/blancia-bc-1247\/"]}]},{"@type":"ImageObject","inLanguage":"tr","@id":"https:\/\/blanciaeyewear.com\/tr\/urun\/blancia-bc-1247\/#primaryimage","url":"https:\/\/blanciaeyewear.com\/wp-content\/uploads\/2023\/05\/BLANCIA-BC-1247-C-1.jpg","contentUrl":"https:\/\/blanciaeyewear.com\/wp-content\/uploads\/2023\/05\/BLANCIA-BC-1247-C-1.jpg","width":1280,"height":1280},{"@type":"BreadcrumbList","@id":"https:\/\/blanciaeyewear.com\/tr\/urun\/blancia-bc-1247\/#breadcrumb","itemListElement":[{"@type":"ListItem","position":1,"name":"Home","item":"https:\/\/blanciaeyewear.com\/tr\/"},{"@type":"ListItem","position":2,"name":"Colections","item":"https:\/\/blanciaeyewear.com\/shop\/"},{"@type":"ListItem","position":3,"name":"BLANCIA BC 1247"}]},{"@type":"WebSite","@id":"https:\/\/blanciaeyewear.com\/#website","url":"https:\/\/blanciaeyewear.com\/","name":"Blancia Eyewear","description":"","publisher":{"@id":"https:\/\/blanciaeyewear.com\/#organization"},"potentialAction":[{"@type":"SearchAction","target":{"@type":"EntryPoint","urlTemplate":"https:\/\/blanciaeyewear.com\/?s={search_term_string}"},"query-input":{"@type":"PropertyValueSpecification","valueRequired":true,"valueName":"search_term_string"}}],"inLanguage":"tr"},{"@type":"Organization","@id":"https:\/\/blanciaeyewear.com\/#organization","name":"Blancia Eyewear","url":"https:\/\/blanciaeyewear.com\/","logo":{"@type":"ImageObject","inLanguage":"tr","@id":"https:\/\/blanciaeyewear.com\/#\/schema\/logo\/image\/","url":"http:\/\/blanciaeyewear.com\/wp-content\/uploads\/2022\/09\/Blancia-logo.png","contentUrl":"http:\/\/blanciaeyewear.com\/wp-content\/uploads\/2022\/09\/Blancia-logo.png","width":1385,"height":490,"caption":"Blancia Eyewear"},"image":{"@id":"https:\/\/blanciaeyewear.com\/#\/schema\/logo\/image\/"},"sameAs":["https:\/\/www.instagram.com\/blanciamilanoeyewear"]}]}},"_links":{"self":[{"href":"https:\/\/blanciaeyewear.com\/tr\/wp-json\/wp\/v2\/product\/24112","targetHints":{"allow":["GET"]}}],"collection":[{"href":"https:\/\/blanciaeyewear.com\/tr\/wp-json\/wp\/v2\/product"}],"about":[{"href":"https:\/\/blanciaeyewear.com\/tr\/wp-json\/wp\/v2\/types\/product"}],"version-history":[{"count":1,"href":"https:\/\/blanciaeyewear.com\/tr\/wp-json\/wp\/v2\/product\/24112\/revisions"}],"predecessor-version":[{"id":24113,"href":"https:\/\/blanciaeyewear.com\/tr\/wp-json\/wp\/v2\/product\/24112\/revisions\/24113"}],"wp:featuredmedia":[{"embeddable":true,"href":"https:\/\/blanciaeyewear.com\/tr\/wp-json\/wp\/v2\/media\/22795"}],"wp:attachment":[{"href":"https:\/\/blanciaeyewear.com\/tr\/wp-json\/wp\/v2\/media?parent=24112"}],"wp:term":[{"taxonomy":"product_brand","embeddable":true,"href":"https:\/\/blanciaeyewear.com\/tr\/wp-json\/wp\/v2\/product_brand?post=24112"},{"taxonomy":"product_cat","embeddable":true,"href":"https:\/\/blanciaeyewear.com\/tr\/wp-json\/wp\/v2\/product_cat?post=24112"},{"taxonomy":"product_tag","embeddable":true,"href":"https:\/\/blanciaeyewear.com\/tr\/wp-json\/wp\/v2\/product_tag?post=24112"}],"curies":[{"name":"wp","href":"https:\/\/api.w.org\/{rel}","templated":true}]}}