{"id":17384,"date":"2022-11-23T11:40:55","date_gmt":"2022-11-23T08:40:55","guid":{"rendered":"http:\/\/blanciaeyewear.com\/product\/blancia-bc-1218\/"},"modified":"2023-05-26T13:49:39","modified_gmt":"2023-05-26T10:49:39","slug":"blancia-bc-1218","status":"publish","type":"product","link":"https:\/\/blanciaeyewear.com\/tr\/product\/blancia-bc-1218\/","title":{"rendered":"BLANCIA BC 1218"},"content":{"rendered":"","protected":false},"excerpt":{"rendered":"<div class=\"brandeyes\"><a href=\"https:\/\/www.galerioptik.com\/urun\/blancia-milano-bc-1218-c-1\" target=\"_blank\" rel=\"noopener\"><button>Sat\u0131n Al!<\/button><\/a><\/div>\n<p>BLANCIA, d\u00fcnyan\u0131n d\u00f6rt bir yan\u0131ndaki moda severlerin ki\u015fisel tarzlar\u0131n\u0131 ifade etmelerine yard\u0131mc\u0131 olmak i\u00e7in \u0131\u015f\u0131lt\u0131l\u0131 modellerden \u00f6zel tasar\u0131m \u00fcr\u00fcnlere ve g\u00fcnl\u00fck g\u00f6zl\u00fcklerden y\u00fcksek performansl\u0131 spor g\u00f6zl\u00fcklerine kadar geni\u015f bir yelpazeyi i\u00e7erir.  BLANCIA modadan \u00e7ok daha fazlas\u0131d\u0131r. BLANCIA uzun s\u00fcre kullan\u0131lmak ve sevilmek \u00fczere tasarlanm\u0131\u015ft\u0131r. Yayg\u0131n olarak eri\u015filebilir, iyi yap\u0131lm\u0131\u015f, dayan\u0131kl\u0131 \u00fcr\u00fcnlerle kaliteyi kolay ula\u015f\u0131labilir bir bi\u00e7imde sunmakt\u0131r.<\/p>\n","protected":false},"featured_media":16853,"template":"","meta":[],"product_brand":[],"product_cat":[1892,1563,1890],"product_tag":[],"class_list":{"0":"post-17384","1":"product","2":"type-product","3":"status-publish","4":"has-post-thumbnail","6":"product_cat-gunes-gozlugu","7":"product_cat-gunesler","8":"product_cat-kadin","10":"first","11":"instock","12":"shipping-taxable","13":"product-type-variable"},"yoast_head":"<!-- This site is optimized with the Yoast SEO plugin v27.4 - https:\/\/yoast.com\/product\/yoast-seo-wordpress\/ -->\n<title>BLANCIA BC 1218 - Blancia Eyewear<\/title>\n<meta name=\"robots\" content=\"index, follow, max-snippet:-1, max-image-preview:large, max-video-preview:-1\" \/>\n<link rel=\"canonical\" href=\"https:\/\/blanciaeyewear.com\/tr\/urun\/blancia-bc-1218\/\" \/>\n<meta property=\"og:locale\" content=\"tr_TR\" \/>\n<meta property=\"og:type\" content=\"article\" \/>\n<meta property=\"og:title\" content=\"BLANCIA BC 1218 - Blancia Eyewear\" \/>\n<meta property=\"og:description\" content=\"Sat\u0131n Al! BLANCIA, d\u00fcnyan\u0131n d\u00f6rt bir yan\u0131ndaki moda severlerin ki\u015fisel tarzlar\u0131n\u0131 ifade etmelerine yard\u0131mc\u0131 olmak i\u00e7in \u0131\u015f\u0131lt\u0131l\u0131 modellerden \u00f6zel tasar\u0131m \u00fcr\u00fcnlere ve g\u00fcnl\u00fck g\u00f6zl\u00fcklerden y\u00fcksek performansl\u0131 spor g\u00f6zl\u00fcklerine kadar geni\u015f bir yelpazeyi i\u00e7erir. BLANCIA modadan \u00e7ok daha fazlas\u0131d\u0131r. BLANCIA uzun s\u00fcre kullan\u0131lmak ve sevilmek \u00fczere tasarlanm\u0131\u015ft\u0131r. Yayg\u0131n olarak eri\u015filebilir, iyi yap\u0131lm\u0131\u015f, dayan\u0131kl\u0131 \u00fcr\u00fcnlerle kaliteyi kolay ula\u015f\u0131labilir bir bi\u00e7imde sunmakt\u0131r.\" \/>\n<meta property=\"og:url\" content=\"https:\/\/blanciaeyewear.com\/tr\/urun\/blancia-bc-1218\/\" \/>\n<meta property=\"og:site_name\" content=\"Blancia Eyewear\" \/>\n<meta property=\"article:modified_time\" content=\"2023-05-26T10:49:39+00:00\" \/>\n<meta property=\"og:image\" content=\"https:\/\/blanciaeyewear.com\/wp-content\/uploads\/2022\/11\/BLANCIA-BC-1218-C-1.jpg\" \/>\n\t<meta property=\"og:image:width\" content=\"1800\" \/>\n\t<meta property=\"og:image:height\" content=\"1800\" \/>\n\t<meta property=\"og:image:type\" content=\"image\/jpeg\" \/>\n<meta name=\"twitter:card\" content=\"summary_large_image\" \/>\n<script type=\"application\/ld+json\" class=\"yoast-schema-graph\">{\"@context\":\"https:\\\/\\\/schema.org\",\"@graph\":[{\"@type\":\"WebPage\",\"@id\":\"https:\\\/\\\/blanciaeyewear.com\\\/tr\\\/urun\\\/blancia-bc-1218\\\/\",\"url\":\"https:\\\/\\\/blanciaeyewear.com\\\/tr\\\/urun\\\/blancia-bc-1218\\\/\",\"name\":\"BLANCIA BC 1218 - Blancia Eyewear\",\"isPartOf\":{\"@id\":\"https:\\\/\\\/blanciaeyewear.com\\\/#website\"},\"primaryImageOfPage\":{\"@id\":\"https:\\\/\\\/blanciaeyewear.com\\\/tr\\\/urun\\\/blancia-bc-1218\\\/#primaryimage\"},\"image\":{\"@id\":\"https:\\\/\\\/blanciaeyewear.com\\\/tr\\\/urun\\\/blancia-bc-1218\\\/#primaryimage\"},\"thumbnailUrl\":\"https:\\\/\\\/blanciaeyewear.com\\\/wp-content\\\/uploads\\\/2022\\\/11\\\/BLANCIA-BC-1218-C-1.jpg\",\"datePublished\":\"2022-11-23T08:40:55+00:00\",\"dateModified\":\"2023-05-26T10:49:39+00:00\",\"breadcrumb\":{\"@id\":\"https:\\\/\\\/blanciaeyewear.com\\\/tr\\\/urun\\\/blancia-bc-1218\\\/#breadcrumb\"},\"inLanguage\":\"tr\",\"potentialAction\":[{\"@type\":\"ReadAction\",\"target\":[\"https:\\\/\\\/blanciaeyewear.com\\\/tr\\\/urun\\\/blancia-bc-1218\\\/\"]}]},{\"@type\":\"ImageObject\",\"inLanguage\":\"tr\",\"@id\":\"https:\\\/\\\/blanciaeyewear.com\\\/tr\\\/urun\\\/blancia-bc-1218\\\/#primaryimage\",\"url\":\"https:\\\/\\\/blanciaeyewear.com\\\/wp-content\\\/uploads\\\/2022\\\/11\\\/BLANCIA-BC-1218-C-1.jpg\",\"contentUrl\":\"https:\\\/\\\/blanciaeyewear.com\\\/wp-content\\\/uploads\\\/2022\\\/11\\\/BLANCIA-BC-1218-C-1.jpg\",\"width\":1800,\"height\":1800},{\"@type\":\"BreadcrumbList\",\"@id\":\"https:\\\/\\\/blanciaeyewear.com\\\/tr\\\/urun\\\/blancia-bc-1218\\\/#breadcrumb\",\"itemListElement\":[{\"@type\":\"ListItem\",\"position\":1,\"name\":\"Home\",\"item\":\"https:\\\/\\\/blanciaeyewear.com\\\/tr\\\/\"},{\"@type\":\"ListItem\",\"position\":2,\"name\":\"Colections\",\"item\":\"https:\\\/\\\/blanciaeyewear.com\\\/shop\\\/\"},{\"@type\":\"ListItem\",\"position\":3,\"name\":\"BLANCIA BC 1218\"}]},{\"@type\":\"WebSite\",\"@id\":\"https:\\\/\\\/blanciaeyewear.com\\\/#website\",\"url\":\"https:\\\/\\\/blanciaeyewear.com\\\/\",\"name\":\"Blancia Eyewear\",\"description\":\"\",\"publisher\":{\"@id\":\"https:\\\/\\\/blanciaeyewear.com\\\/#organization\"},\"potentialAction\":[{\"@type\":\"SearchAction\",\"target\":{\"@type\":\"EntryPoint\",\"urlTemplate\":\"https:\\\/\\\/blanciaeyewear.com\\\/?s={search_term_string}\"},\"query-input\":{\"@type\":\"PropertyValueSpecification\",\"valueRequired\":true,\"valueName\":\"search_term_string\"}}],\"inLanguage\":\"tr\"},{\"@type\":\"Organization\",\"@id\":\"https:\\\/\\\/blanciaeyewear.com\\\/#organization\",\"name\":\"Blancia Eyewear\",\"url\":\"https:\\\/\\\/blanciaeyewear.com\\\/\",\"logo\":{\"@type\":\"ImageObject\",\"inLanguage\":\"tr\",\"@id\":\"https:\\\/\\\/blanciaeyewear.com\\\/#\\\/schema\\\/logo\\\/image\\\/\",\"url\":\"http:\\\/\\\/blanciaeyewear.com\\\/wp-content\\\/uploads\\\/2022\\\/09\\\/Blancia-logo.png\",\"contentUrl\":\"http:\\\/\\\/blanciaeyewear.com\\\/wp-content\\\/uploads\\\/2022\\\/09\\\/Blancia-logo.png\",\"width\":1385,\"height\":490,\"caption\":\"Blancia Eyewear\"},\"image\":{\"@id\":\"https:\\\/\\\/blanciaeyewear.com\\\/#\\\/schema\\\/logo\\\/image\\\/\"},\"sameAs\":[\"https:\\\/\\\/www.instagram.com\\\/blanciamilanoeyewear\"]}]}<\/script>\n<!-- \/ Yoast SEO plugin. -->","yoast_head_json":{"title":"BLANCIA BC 1218 - Blancia Eyewear","robots":{"index":"index","follow":"follow","max-snippet":"max-snippet:-1","max-image-preview":"max-image-preview:large","max-video-preview":"max-video-preview:-1"},"canonical":"https:\/\/blanciaeyewear.com\/tr\/urun\/blancia-bc-1218\/","og_locale":"tr_TR","og_type":"article","og_title":"BLANCIA BC 1218 - Blancia Eyewear","og_description":"Sat\u0131n Al! BLANCIA, d\u00fcnyan\u0131n d\u00f6rt bir yan\u0131ndaki moda severlerin ki\u015fisel tarzlar\u0131n\u0131 ifade etmelerine yard\u0131mc\u0131 olmak i\u00e7in \u0131\u015f\u0131lt\u0131l\u0131 modellerden \u00f6zel tasar\u0131m \u00fcr\u00fcnlere ve g\u00fcnl\u00fck g\u00f6zl\u00fcklerden y\u00fcksek performansl\u0131 spor g\u00f6zl\u00fcklerine kadar geni\u015f bir yelpazeyi i\u00e7erir. BLANCIA modadan \u00e7ok daha fazlas\u0131d\u0131r. BLANCIA uzun s\u00fcre kullan\u0131lmak ve sevilmek \u00fczere tasarlanm\u0131\u015ft\u0131r. Yayg\u0131n olarak eri\u015filebilir, iyi yap\u0131lm\u0131\u015f, dayan\u0131kl\u0131 \u00fcr\u00fcnlerle kaliteyi kolay ula\u015f\u0131labilir bir bi\u00e7imde sunmakt\u0131r.","og_url":"https:\/\/blanciaeyewear.com\/tr\/urun\/blancia-bc-1218\/","og_site_name":"Blancia Eyewear","article_modified_time":"2023-05-26T10:49:39+00:00","og_image":[{"width":1800,"height":1800,"url":"https:\/\/blanciaeyewear.com\/wp-content\/uploads\/2022\/11\/BLANCIA-BC-1218-C-1.jpg","type":"image\/jpeg"}],"twitter_card":"summary_large_image","schema":{"@context":"https:\/\/schema.org","@graph":[{"@type":"WebPage","@id":"https:\/\/blanciaeyewear.com\/tr\/urun\/blancia-bc-1218\/","url":"https:\/\/blanciaeyewear.com\/tr\/urun\/blancia-bc-1218\/","name":"BLANCIA BC 1218 - Blancia Eyewear","isPartOf":{"@id":"https:\/\/blanciaeyewear.com\/#website"},"primaryImageOfPage":{"@id":"https:\/\/blanciaeyewear.com\/tr\/urun\/blancia-bc-1218\/#primaryimage"},"image":{"@id":"https:\/\/blanciaeyewear.com\/tr\/urun\/blancia-bc-1218\/#primaryimage"},"thumbnailUrl":"https:\/\/blanciaeyewear.com\/wp-content\/uploads\/2022\/11\/BLANCIA-BC-1218-C-1.jpg","datePublished":"2022-11-23T08:40:55+00:00","dateModified":"2023-05-26T10:49:39+00:00","breadcrumb":{"@id":"https:\/\/blanciaeyewear.com\/tr\/urun\/blancia-bc-1218\/#breadcrumb"},"inLanguage":"tr","potentialAction":[{"@type":"ReadAction","target":["https:\/\/blanciaeyewear.com\/tr\/urun\/blancia-bc-1218\/"]}]},{"@type":"ImageObject","inLanguage":"tr","@id":"https:\/\/blanciaeyewear.com\/tr\/urun\/blancia-bc-1218\/#primaryimage","url":"https:\/\/blanciaeyewear.com\/wp-content\/uploads\/2022\/11\/BLANCIA-BC-1218-C-1.jpg","contentUrl":"https:\/\/blanciaeyewear.com\/wp-content\/uploads\/2022\/11\/BLANCIA-BC-1218-C-1.jpg","width":1800,"height":1800},{"@type":"BreadcrumbList","@id":"https:\/\/blanciaeyewear.com\/tr\/urun\/blancia-bc-1218\/#breadcrumb","itemListElement":[{"@type":"ListItem","position":1,"name":"Home","item":"https:\/\/blanciaeyewear.com\/tr\/"},{"@type":"ListItem","position":2,"name":"Colections","item":"https:\/\/blanciaeyewear.com\/shop\/"},{"@type":"ListItem","position":3,"name":"BLANCIA BC 1218"}]},{"@type":"WebSite","@id":"https:\/\/blanciaeyewear.com\/#website","url":"https:\/\/blanciaeyewear.com\/","name":"Blancia Eyewear","description":"","publisher":{"@id":"https:\/\/blanciaeyewear.com\/#organization"},"potentialAction":[{"@type":"SearchAction","target":{"@type":"EntryPoint","urlTemplate":"https:\/\/blanciaeyewear.com\/?s={search_term_string}"},"query-input":{"@type":"PropertyValueSpecification","valueRequired":true,"valueName":"search_term_string"}}],"inLanguage":"tr"},{"@type":"Organization","@id":"https:\/\/blanciaeyewear.com\/#organization","name":"Blancia Eyewear","url":"https:\/\/blanciaeyewear.com\/","logo":{"@type":"ImageObject","inLanguage":"tr","@id":"https:\/\/blanciaeyewear.com\/#\/schema\/logo\/image\/","url":"http:\/\/blanciaeyewear.com\/wp-content\/uploads\/2022\/09\/Blancia-logo.png","contentUrl":"http:\/\/blanciaeyewear.com\/wp-content\/uploads\/2022\/09\/Blancia-logo.png","width":1385,"height":490,"caption":"Blancia Eyewear"},"image":{"@id":"https:\/\/blanciaeyewear.com\/#\/schema\/logo\/image\/"},"sameAs":["https:\/\/www.instagram.com\/blanciamilanoeyewear"]}]}},"_links":{"self":[{"href":"https:\/\/blanciaeyewear.com\/tr\/wp-json\/wp\/v2\/product\/17384","targetHints":{"allow":["GET"]}}],"collection":[{"href":"https:\/\/blanciaeyewear.com\/tr\/wp-json\/wp\/v2\/product"}],"about":[{"href":"https:\/\/blanciaeyewear.com\/tr\/wp-json\/wp\/v2\/types\/product"}],"version-history":[{"count":9,"href":"https:\/\/blanciaeyewear.com\/tr\/wp-json\/wp\/v2\/product\/17384\/revisions"}],"predecessor-version":[{"id":24153,"href":"https:\/\/blanciaeyewear.com\/tr\/wp-json\/wp\/v2\/product\/17384\/revisions\/24153"}],"wp:featuredmedia":[{"embeddable":true,"href":"https:\/\/blanciaeyewear.com\/tr\/wp-json\/wp\/v2\/media\/16853"}],"wp:attachment":[{"href":"https:\/\/blanciaeyewear.com\/tr\/wp-json\/wp\/v2\/media?parent=17384"}],"wp:term":[{"taxonomy":"product_brand","embeddable":true,"href":"https:\/\/blanciaeyewear.com\/tr\/wp-json\/wp\/v2\/product_brand?post=17384"},{"taxonomy":"product_cat","embeddable":true,"href":"https:\/\/blanciaeyewear.com\/tr\/wp-json\/wp\/v2\/product_cat?post=17384"},{"taxonomy":"product_tag","embeddable":true,"href":"https:\/\/blanciaeyewear.com\/tr\/wp-json\/wp\/v2\/product_tag?post=17384"}],"curies":[{"name":"wp","href":"https:\/\/api.w.org\/{rel}","templated":true}]}}