{"id":14272,"date":"2022-03-31T09:40:40","date_gmt":"2022-03-31T06:40:40","guid":{"rendered":"http:\/\/blanciaeyewear.com\/quality-2\/"},"modified":"2022-12-15T22:56:04","modified_gmt":"2022-12-15T19:56:04","slug":"quality","status":"publish","type":"page","link":"https:\/\/blanciaeyewear.com\/tr\/quality\/","title":{"rendered":"Quality"},"content":{"rendered":"\t\t<div data-elementor-type=\"wp-page\" data-elementor-id=\"14272\" class=\"elementor elementor-14272\">\n\t\t\t\t\t\t<section class=\"elementor-section elementor-top-section elementor-element elementor-element-29404bd8 elementor-section-content-middle elementor-reverse-mobile elementor-section-boxed elementor-section-height-default elementor-section-height-default wd-section-disabled\" data-id=\"29404bd8\" data-element_type=\"section\" data-e-type=\"section\">\n\t\t\t\t\t\t<div class=\"elementor-container elementor-column-gap-no\">\n\t\t\t\t\t<div class=\"elementor-column elementor-col-33 elementor-top-column elementor-element elementor-element-6f41e83f\" data-id=\"6f41e83f\" data-element_type=\"column\" data-e-type=\"column\">\n\t\t\t<div class=\"elementor-widget-wrap elementor-element-populated\">\n\t\t\t\t\t\t<div class=\"elementor-element elementor-element-1d37bc19 color-scheme-inherit text-left elementor-widget elementor-widget-text-editor\" data-id=\"1d37bc19\" data-element_type=\"widget\" data-e-type=\"widget\" data-widget_type=\"text-editor.default\">\n\t\t\t\t<div class=\"elementor-widget-container\">\n\t\t\t\t\t\t\t\t\t<p>D\u00dcNYA STANDARTLARI<\/p>\t\t\t\t\t\t\t\t<\/div>\n\t\t\t\t<\/div>\n\t\t\t\t<div class=\"elementor-element elementor-element-5e5a147b color-scheme-inherit text-left elementor-widget elementor-widget-text-editor\" data-id=\"5e5a147b\" data-element_type=\"widget\" data-e-type=\"widget\" data-widget_type=\"text-editor.default\">\n\t\t\t\t<div class=\"elementor-widget-container\">\n\t\t\t\t\t\t\t\t\t<p><span style=\"color: #000000;\">Kalite ve Dizayn birbirinden ayr\u0131lmaz iki par\u00e7a.<\/span><\/p>\t\t\t\t\t\t\t\t<\/div>\n\t\t\t\t<\/div>\n\t\t\t\t<div class=\"elementor-element elementor-element-66f43e77 elementor-widget-divider--view-line elementor-widget elementor-widget-divider\" data-id=\"66f43e77\" data-element_type=\"widget\" data-e-type=\"widget\" data-widget_type=\"divider.default\">\n\t\t\t\t<div class=\"elementor-widget-container\">\n\t\t\t\t\t\t\t<div class=\"elementor-divider\">\n\t\t\t<span class=\"elementor-divider-separator\">\n\t\t\t\t\t\t<\/span>\n\t\t<\/div>\n\t\t\t\t\t\t<\/div>\n\t\t\t\t<\/div>\n\t\t\t\t<div class=\"elementor-element elementor-element-496ee269 color-scheme-inherit text-left elementor-widget elementor-widget-text-editor\" data-id=\"496ee269\" data-element_type=\"widget\" data-e-type=\"widget\" data-widget_type=\"text-editor.default\">\n\t\t\t\t<div class=\"elementor-widget-container\">\n\t\t\t\t\t\t\t\t\tAmac\u0131m\u0131z s\u00fcre\u00e7lerimizin her birinde bu kaliteyi s\u00fcrd\u00fcr\u00fclebilir bir hale getirmek. \u00c7al\u0131\u015fanlar\u0131m\u0131z ve tedarik\u00e7ilerimiz ba\u015fta olmak \u00fczere t\u00fcm payda\u015flar\u0131m\u0131zla bir b\u00fct\u00fcnl\u00fck i\u00e7inde hareket ederek kalite standartlar\u0131m\u0131z\u0131 s\u00fcrekli iyile\u015ftirmek i\u00e7in ar-ge \u00e7al\u0131\u015fmalar\u0131m\u0131za her ge\u00e7en g\u00fcn yeni yat\u0131r\u0131mlar yap\u0131yoruz.\n\u00c7evremizi s\u00fcrd\u00fcr\u00fclebilir olarak korumak, t\u00fcm \u00e7evre y\u00f6netmeliklerine uymak ve gelecek ku\u015faklara ya\u015fanabilir temiz bir \u00e7evre b\u0131rakmak i\u00e7in; global olarak belirlenen yasal prosed\u00fcrleri t\u00fcm i\u015f s\u00fcre\u00e7lerimizde uyguluyoruz.\nBu ama\u00e7 do\u011frultusunda \u00fcr\u00fcnlerimizde kullan\u0131lan malzemelerin sertifikal\u0131, sa\u011fl\u0131\u011fa zararl\u0131 olmayan, anti bakteriyel, antialerjik, ergonomik olmas\u0131n\u0131 g\u00f6zetiyoruz.\t\t\t\t\t\t\t\t<\/div>\n\t\t\t\t<\/div>\n\t\t\t\t\t<\/div>\n\t\t<\/div>\n\t\t\t\t<div class=\"elementor-column elementor-col-33 elementor-top-column elementor-element elementor-element-2624194f elementor-hidden-tablet\" data-id=\"2624194f\" data-element_type=\"column\" data-e-type=\"column\">\n\t\t\t<div class=\"elementor-widget-wrap elementor-element-populated\">\n\t\t\t\t\t\t<div class=\"elementor-element elementor-element-785fb34d elementor-widget elementor-widget-image\" data-id=\"785fb34d\" data-element_type=\"widget\" data-e-type=\"widget\" data-widget_type=\"image.default\">\n\t\t\t\t<div class=\"elementor-widget-container\">\n\t\t\t\t\t\t\t\t\t\t\t\t\t\t\t<img decoding=\"async\" src=\"https:\/\/blanciaeyewear.com\/wp-content\/uploads\/elementor\/thumbs\/About-Us-pyewot36lvqmhtwl4gn9x8r0xzossmhkdbrr6zem5c.jpg\" title=\"About-Us\" alt=\"About-Us\" class=\"elementor-animation-grow\" loading=\"lazy\" \/>\t\t\t\t\t\t\t\t\t\t\t\t\t\t\t<\/div>\n\t\t\t\t<\/div>\n\t\t\t\t\t<\/div>\n\t\t<\/div>\n\t\t\t\t<div class=\"elementor-column elementor-col-33 elementor-top-column elementor-element elementor-element-3be48084\" data-id=\"3be48084\" data-element_type=\"column\" data-e-type=\"column\">\n\t\t\t<div class=\"elementor-widget-wrap elementor-element-populated\">\n\t\t\t\t\t\t<div class=\"elementor-element elementor-element-1c15f6fd elementor-hidden-tablet elementor-hidden-mobile elementor-widget elementor-widget-image\" data-id=\"1c15f6fd\" data-element_type=\"widget\" data-e-type=\"widget\" data-widget_type=\"image.default\">\n\t\t\t\t<div class=\"elementor-widget-container\">\n\t\t\t\t\t\t\t\t\t\t\t\t\t\t\t<img decoding=\"async\" src=\"https:\/\/blanciaeyewear.com\/wp-content\/uploads\/elementor\/thumbs\/quality-and-design-pyewvhpv7gw120723cnrnk110mqrj50umes21thtwg.jpg\" title=\"quality-and-design\" alt=\"quality-and-design\" class=\"elementor-animation-grow\" loading=\"lazy\" \/>\t\t\t\t\t\t\t\t\t\t\t\t\t\t\t<\/div>\n\t\t\t\t<\/div>\n\t\t\t\t\t<\/div>\n\t\t<\/div>\n\t\t\t\t\t<\/div>\n\t\t<\/section>\n\t\t\t\t<\/div>\n\t\t","protected":false},"excerpt":{"rendered":"<p>D\u00dcNYA STANDARTLARI Kalite ve Dizayn birbirinden ayr\u0131lmaz iki par\u00e7a. Amac\u0131m\u0131z s\u00fcre\u00e7lerimizin her birinde bu kaliteyi s\u00fcrd\u00fcr\u00fclebilir bir hale getirmek. \u00c7al\u0131\u015fanlar\u0131m\u0131z<\/p>\n","protected":false},"author":3,"featured_media":0,"parent":0,"menu_order":0,"comment_status":"closed","ping_status":"closed","template":"","meta":{"footnotes":""},"class_list":["post-14272","page","type-page","status-publish","hentry"],"yoast_head":"<!-- This site is optimized with the Yoast SEO plugin v27.4 - https:\/\/yoast.com\/product\/yoast-seo-wordpress\/ -->\n<title>Quality - Blancia Eyewear<\/title>\n<meta name=\"robots\" content=\"index, follow, max-snippet:-1, max-image-preview:large, max-video-preview:-1\" \/>\n<link rel=\"canonical\" href=\"https:\/\/blanciaeyewear.com\/tr\/quality\/\" \/>\n<meta property=\"og:locale\" content=\"tr_TR\" \/>\n<meta property=\"og:type\" content=\"article\" \/>\n<meta property=\"og:title\" content=\"Quality - Blancia Eyewear\" \/>\n<meta property=\"og:description\" content=\"D\u00dcNYA STANDARTLARI Kalite ve Dizayn birbirinden ayr\u0131lmaz iki par\u00e7a. Amac\u0131m\u0131z s\u00fcre\u00e7lerimizin her birinde bu kaliteyi s\u00fcrd\u00fcr\u00fclebilir bir hale getirmek. \u00c7al\u0131\u015fanlar\u0131m\u0131z\" \/>\n<meta property=\"og:url\" content=\"https:\/\/blanciaeyewear.com\/tr\/quality\/\" \/>\n<meta property=\"og:site_name\" content=\"Blancia Eyewear\" \/>\n<meta property=\"article:modified_time\" content=\"2022-12-15T19:56:04+00:00\" \/>\n<meta property=\"og:image\" content=\"http:\/\/blanciaeyewear.com\/wp-content\/uploads\/elementor\/thumbs\/About-Us-pyewot36lvqmhtwl4gn9x8r0xzossmhkdbrr6zem5c.jpg\" \/>\n<meta name=\"twitter:card\" content=\"summary_large_image\" \/>\n<meta name=\"twitter:label1\" content=\"Tahmini okuma s\u00fcresi\" \/>\n\t<meta name=\"twitter:data1\" content=\"1 dakika\" \/>\n<script type=\"application\/ld+json\" class=\"yoast-schema-graph\">{\"@context\":\"https:\\\/\\\/schema.org\",\"@graph\":[{\"@type\":\"WebPage\",\"@id\":\"https:\\\/\\\/blanciaeyewear.com\\\/tr\\\/quality\\\/\",\"url\":\"https:\\\/\\\/blanciaeyewear.com\\\/tr\\\/quality\\\/\",\"name\":\"Quality - Blancia Eyewear\",\"isPartOf\":{\"@id\":\"https:\\\/\\\/blanciaeyewear.com\\\/#website\"},\"primaryImageOfPage\":{\"@id\":\"https:\\\/\\\/blanciaeyewear.com\\\/tr\\\/quality\\\/#primaryimage\"},\"image\":{\"@id\":\"https:\\\/\\\/blanciaeyewear.com\\\/tr\\\/quality\\\/#primaryimage\"},\"thumbnailUrl\":\"http:\\\/\\\/blanciaeyewear.com\\\/wp-content\\\/uploads\\\/elementor\\\/thumbs\\\/About-Us-pyewot36lvqmhtwl4gn9x8r0xzossmhkdbrr6zem5c.jpg\",\"datePublished\":\"2022-03-31T06:40:40+00:00\",\"dateModified\":\"2022-12-15T19:56:04+00:00\",\"breadcrumb\":{\"@id\":\"https:\\\/\\\/blanciaeyewear.com\\\/tr\\\/quality\\\/#breadcrumb\"},\"inLanguage\":\"tr\",\"potentialAction\":[{\"@type\":\"ReadAction\",\"target\":[\"https:\\\/\\\/blanciaeyewear.com\\\/tr\\\/quality\\\/\"]}]},{\"@type\":\"ImageObject\",\"inLanguage\":\"tr\",\"@id\":\"https:\\\/\\\/blanciaeyewear.com\\\/tr\\\/quality\\\/#primaryimage\",\"url\":\"http:\\\/\\\/blanciaeyewear.com\\\/wp-content\\\/uploads\\\/elementor\\\/thumbs\\\/About-Us-pyewot36lvqmhtwl4gn9x8r0xzossmhkdbrr6zem5c.jpg\",\"contentUrl\":\"http:\\\/\\\/blanciaeyewear.com\\\/wp-content\\\/uploads\\\/elementor\\\/thumbs\\\/About-Us-pyewot36lvqmhtwl4gn9x8r0xzossmhkdbrr6zem5c.jpg\"},{\"@type\":\"BreadcrumbList\",\"@id\":\"https:\\\/\\\/blanciaeyewear.com\\\/tr\\\/quality\\\/#breadcrumb\",\"itemListElement\":[{\"@type\":\"ListItem\",\"position\":1,\"name\":\"Home\",\"item\":\"https:\\\/\\\/blanciaeyewear.com\\\/tr\\\/\"},{\"@type\":\"ListItem\",\"position\":2,\"name\":\"Quality\"}]},{\"@type\":\"WebSite\",\"@id\":\"https:\\\/\\\/blanciaeyewear.com\\\/#website\",\"url\":\"https:\\\/\\\/blanciaeyewear.com\\\/\",\"name\":\"Blancia Eyewear\",\"description\":\"\",\"publisher\":{\"@id\":\"https:\\\/\\\/blanciaeyewear.com\\\/#organization\"},\"potentialAction\":[{\"@type\":\"SearchAction\",\"target\":{\"@type\":\"EntryPoint\",\"urlTemplate\":\"https:\\\/\\\/blanciaeyewear.com\\\/?s={search_term_string}\"},\"query-input\":{\"@type\":\"PropertyValueSpecification\",\"valueRequired\":true,\"valueName\":\"search_term_string\"}}],\"inLanguage\":\"tr\"},{\"@type\":\"Organization\",\"@id\":\"https:\\\/\\\/blanciaeyewear.com\\\/#organization\",\"name\":\"Blancia Eyewear\",\"url\":\"https:\\\/\\\/blanciaeyewear.com\\\/\",\"logo\":{\"@type\":\"ImageObject\",\"inLanguage\":\"tr\",\"@id\":\"https:\\\/\\\/blanciaeyewear.com\\\/#\\\/schema\\\/logo\\\/image\\\/\",\"url\":\"http:\\\/\\\/blanciaeyewear.com\\\/wp-content\\\/uploads\\\/2022\\\/09\\\/Blancia-logo.png\",\"contentUrl\":\"http:\\\/\\\/blanciaeyewear.com\\\/wp-content\\\/uploads\\\/2022\\\/09\\\/Blancia-logo.png\",\"width\":1385,\"height\":490,\"caption\":\"Blancia Eyewear\"},\"image\":{\"@id\":\"https:\\\/\\\/blanciaeyewear.com\\\/#\\\/schema\\\/logo\\\/image\\\/\"},\"sameAs\":[\"https:\\\/\\\/www.instagram.com\\\/blanciamilanoeyewear\"]}]}<\/script>\n<!-- \/ Yoast SEO plugin. -->","yoast_head_json":{"title":"Quality - Blancia Eyewear","robots":{"index":"index","follow":"follow","max-snippet":"max-snippet:-1","max-image-preview":"max-image-preview:large","max-video-preview":"max-video-preview:-1"},"canonical":"https:\/\/blanciaeyewear.com\/tr\/quality\/","og_locale":"tr_TR","og_type":"article","og_title":"Quality - Blancia Eyewear","og_description":"D\u00dcNYA STANDARTLARI Kalite ve Dizayn birbirinden ayr\u0131lmaz iki par\u00e7a. Amac\u0131m\u0131z s\u00fcre\u00e7lerimizin her birinde bu kaliteyi s\u00fcrd\u00fcr\u00fclebilir bir hale getirmek. \u00c7al\u0131\u015fanlar\u0131m\u0131z","og_url":"https:\/\/blanciaeyewear.com\/tr\/quality\/","og_site_name":"Blancia Eyewear","article_modified_time":"2022-12-15T19:56:04+00:00","og_image":[{"url":"http:\/\/blanciaeyewear.com\/wp-content\/uploads\/elementor\/thumbs\/About-Us-pyewot36lvqmhtwl4gn9x8r0xzossmhkdbrr6zem5c.jpg","type":"","width":"","height":""}],"twitter_card":"summary_large_image","twitter_misc":{"Tahmini okuma s\u00fcresi":"1 dakika"},"schema":{"@context":"https:\/\/schema.org","@graph":[{"@type":"WebPage","@id":"https:\/\/blanciaeyewear.com\/tr\/quality\/","url":"https:\/\/blanciaeyewear.com\/tr\/quality\/","name":"Quality - Blancia Eyewear","isPartOf":{"@id":"https:\/\/blanciaeyewear.com\/#website"},"primaryImageOfPage":{"@id":"https:\/\/blanciaeyewear.com\/tr\/quality\/#primaryimage"},"image":{"@id":"https:\/\/blanciaeyewear.com\/tr\/quality\/#primaryimage"},"thumbnailUrl":"http:\/\/blanciaeyewear.com\/wp-content\/uploads\/elementor\/thumbs\/About-Us-pyewot36lvqmhtwl4gn9x8r0xzossmhkdbrr6zem5c.jpg","datePublished":"2022-03-31T06:40:40+00:00","dateModified":"2022-12-15T19:56:04+00:00","breadcrumb":{"@id":"https:\/\/blanciaeyewear.com\/tr\/quality\/#breadcrumb"},"inLanguage":"tr","potentialAction":[{"@type":"ReadAction","target":["https:\/\/blanciaeyewear.com\/tr\/quality\/"]}]},{"@type":"ImageObject","inLanguage":"tr","@id":"https:\/\/blanciaeyewear.com\/tr\/quality\/#primaryimage","url":"http:\/\/blanciaeyewear.com\/wp-content\/uploads\/elementor\/thumbs\/About-Us-pyewot36lvqmhtwl4gn9x8r0xzossmhkdbrr6zem5c.jpg","contentUrl":"http:\/\/blanciaeyewear.com\/wp-content\/uploads\/elementor\/thumbs\/About-Us-pyewot36lvqmhtwl4gn9x8r0xzossmhkdbrr6zem5c.jpg"},{"@type":"BreadcrumbList","@id":"https:\/\/blanciaeyewear.com\/tr\/quality\/#breadcrumb","itemListElement":[{"@type":"ListItem","position":1,"name":"Home","item":"https:\/\/blanciaeyewear.com\/tr\/"},{"@type":"ListItem","position":2,"name":"Quality"}]},{"@type":"WebSite","@id":"https:\/\/blanciaeyewear.com\/#website","url":"https:\/\/blanciaeyewear.com\/","name":"Blancia Eyewear","description":"","publisher":{"@id":"https:\/\/blanciaeyewear.com\/#organization"},"potentialAction":[{"@type":"SearchAction","target":{"@type":"EntryPoint","urlTemplate":"https:\/\/blanciaeyewear.com\/?s={search_term_string}"},"query-input":{"@type":"PropertyValueSpecification","valueRequired":true,"valueName":"search_term_string"}}],"inLanguage":"tr"},{"@type":"Organization","@id":"https:\/\/blanciaeyewear.com\/#organization","name":"Blancia Eyewear","url":"https:\/\/blanciaeyewear.com\/","logo":{"@type":"ImageObject","inLanguage":"tr","@id":"https:\/\/blanciaeyewear.com\/#\/schema\/logo\/image\/","url":"http:\/\/blanciaeyewear.com\/wp-content\/uploads\/2022\/09\/Blancia-logo.png","contentUrl":"http:\/\/blanciaeyewear.com\/wp-content\/uploads\/2022\/09\/Blancia-logo.png","width":1385,"height":490,"caption":"Blancia Eyewear"},"image":{"@id":"https:\/\/blanciaeyewear.com\/#\/schema\/logo\/image\/"},"sameAs":["https:\/\/www.instagram.com\/blanciamilanoeyewear"]}]}},"_links":{"self":[{"href":"https:\/\/blanciaeyewear.com\/tr\/wp-json\/wp\/v2\/pages\/14272","targetHints":{"allow":["GET"]}}],"collection":[{"href":"https:\/\/blanciaeyewear.com\/tr\/wp-json\/wp\/v2\/pages"}],"about":[{"href":"https:\/\/blanciaeyewear.com\/tr\/wp-json\/wp\/v2\/types\/page"}],"author":[{"embeddable":true,"href":"https:\/\/blanciaeyewear.com\/tr\/wp-json\/wp\/v2\/users\/3"}],"replies":[{"embeddable":true,"href":"https:\/\/blanciaeyewear.com\/tr\/wp-json\/wp\/v2\/comments?post=14272"}],"version-history":[{"count":45,"href":"https:\/\/blanciaeyewear.com\/tr\/wp-json\/wp\/v2\/pages\/14272\/revisions"}],"predecessor-version":[{"id":18925,"href":"https:\/\/blanciaeyewear.com\/tr\/wp-json\/wp\/v2\/pages\/14272\/revisions\/18925"}],"wp:attachment":[{"href":"https:\/\/blanciaeyewear.com\/tr\/wp-json\/wp\/v2\/media?parent=14272"}],"curies":[{"name":"wp","href":"https:\/\/api.w.org\/{rel}","templated":true}]}}