{"id":10733,"date":"2022-01-16T22:57:16","date_gmt":"2022-01-16T19:57:16","guid":{"rendered":"http:\/\/blanciaeyewear.com\/new\/legal-notice\/"},"modified":"2022-04-13T15:14:56","modified_gmt":"2022-04-13T12:14:56","slug":"yasal-uyari","status":"publish","type":"page","link":"https:\/\/blanciaeyewear.com\/tr\/yasal-uyari\/","title":{"rendered":"Yasal Uyar\u0131"},"content":{"rendered":"<div class=\"cli_pg_page_contaner\">\n<h3>YASAL UYARI &amp; \u00c7EREZ POL\u0130T\u0130KASI<\/h3>\n<div>\n<p>\u00c7erez Politikas\u0131, \u00e7erezlerin ne oldu\u011funu ve bunlar\u0131 nas\u0131l kulland\u0131\u011f\u0131m\u0131z\u0131, kulland\u0131\u011f\u0131m\u0131z \u00e7erez t\u00fcrlerini, yani \u00e7erezleri kullanarak toplad\u0131\u011f\u0131m\u0131z bilgileri ve bu bilgilerin nas\u0131l kullan\u0131ld\u0131\u011f\u0131n\u0131 ve \u00e7erez tercihlerinin nas\u0131l kontrol edilece\u011fini a\u00e7\u0131klar. Ki\u015fisel verilerinizi nas\u0131l kulland\u0131\u011f\u0131m\u0131z, saklad\u0131\u011f\u0131m\u0131z ve g\u00fcvende tuttu\u011fumuz hakk\u0131nda daha fazla bilgi i\u00e7in Gizlilik Politikam\u0131za bak\u0131n.<\/p>\n<p>Web sitemizdeki \u00c7erez Beyannamesi&#8217;ndeki onay\u0131n\u0131z\u0131 istedi\u011finiz zaman de\u011fi\u015ftirebilir veya geri \u00e7ekebilirsiniz.<br \/>\nKim oldu\u011fumuz, bizimle nas\u0131l ileti\u015fime ge\u00e7ebilece\u011finiz ve ki\u015fisel verileri nas\u0131l i\u015fledi\u011fimiz hakk\u0131nda Gizlilik Politikam\u0131zda daha fazla bilgi edinin.<br \/>\nOnay\u0131n\u0131z a\u015fa\u011f\u0131daki alan adlar\u0131 i\u00e7in ge\u00e7erlidir: hermossaeyewear.com<\/p>\n<\/div>\n<h3>\u00c7erezler nedir?<\/h3>\n<div>\u00c7erezler, k\u00fc\u00e7\u00fck bilgi par\u00e7alar\u0131n\u0131 depolamak i\u00e7in kullan\u0131lan k\u00fc\u00e7\u00fck metin dosyalar\u0131d\u0131r. Web sitesi taray\u0131c\u0131n\u0131za y\u00fcklendi\u011finde cihaz\u0131n\u0131zda saklan\u0131rlar. Bu \u00e7erezler, web sitesinin d\u00fczg\u00fcn \u00e7al\u0131\u015fmas\u0131n\u0131 sa\u011flamam\u0131za, daha g\u00fcvenli hale getirmemize, daha iyi kullan\u0131c\u0131 deneyimi sunmam\u0131za ve web sitesinin nas\u0131l performans g\u00f6sterdi\u011fini anlamam\u0131za ve neyin i\u015fe yarad\u0131\u011f\u0131n\u0131 ve nerede iyile\u015ftirilmesi gerekti\u011fini analiz etmemize yard\u0131mc\u0131 olur.<\/div>\n<h3>\u00c7erezleri nas\u0131l kullan\u0131r\u0131z?<\/h3>\n<div>\n<p>\u00c7evrimi\u00e7i hizmetlerin \u00e7o\u011fu gibi, web sitemiz de \u00e7e\u015fitli ama\u00e7lar i\u00e7in birinci taraf ve \u00fc\u00e7\u00fcnc\u00fc taraf \u00e7erezleri kullan\u0131r. Birinci taraf tan\u0131mlama bilgileri, \u00e7o\u011funlukla web sitesinin do\u011fru \u015fekilde \u00e7al\u0131\u015fmas\u0131 i\u00e7in gereklidir ve ki\u015fisel olarak tan\u0131mlanabilir verilerinizi toplamazlar.<\/p>\n<p>Web sitemizde kullan\u0131lan \u00fc\u00e7\u00fcnc\u00fc taraf tan\u0131mlama bilgileri, esas olarak web sitesinin nas\u0131l performans g\u00f6sterdi\u011fini, web sitemizle nas\u0131l etkile\u015fim kurdu\u011funuzu, hizmetlerimizi g\u00fcvende tutmak, sizinle alakal\u0131 reklamlar sunmak ve genel olarak size daha iyi ve geli\u015fmi\u015f bir kullan\u0131c\u0131 sa\u011flamak i\u00e7indir. deneyimleyin ve web sitemizle gelecekteki etkile\u015fimlerinizi h\u0131zland\u0131rmaya yard\u0131mc\u0131 olun.<\/p>\n<\/div>\n<h3>Ne t\u00fcr \u00e7erezler kullan\u0131yoruz?<\/h3>\n<div>\n<p>Temel: Sitemizin tam i\u015flevselli\u011fini deneyimleyebilmeniz i\u00e7in baz\u0131 \u00e7erezler gereklidir. Kullan\u0131c\u0131 oturumlar\u0131n\u0131 s\u00fcrd\u00fcrmemize ve herhangi bir g\u00fcvenlik tehdidini \u00f6nlememize izin veriyorlar. Herhangi bir ki\u015fisel bilgi toplamazlar veya saklamazlar. \u00d6rne\u011fin, bu \u00e7erezler hesab\u0131n\u0131za giri\u015f yapman\u0131z\u0131, \u00fcr\u00fcnleri sepetinize eklemenizi ve g\u00fcvenli bir \u015fekilde \u00f6deme yapman\u0131z\u0131 sa\u011flar.<\/p>\n<p>\u0130statistikler: Bu \u00e7erezler, web sitesini ziyaret edenlerin say\u0131s\u0131, tekil ziyaret\u00e7i say\u0131s\u0131, web sitesinin hangi sayfalar\u0131n\u0131n ziyaret edildi\u011fi, ziyaretin kayna\u011f\u0131 vb. gibi bilgileri depolar. Bu veriler, web sitesinin ne kadar iyi performans g\u00f6sterdi\u011fini anlamam\u0131za ve analiz etmemize yard\u0131mc\u0131 olur. ve iyile\u015ftirilmesi gereken yer.<\/p>\n<p>Pazarlama: Web sitemiz reklam g\u00f6r\u00fcnt\u00fcler. Bu \u00e7erezler, size g\u00f6sterdi\u011fimiz reklamlar\u0131 sizin i\u00e7in anlaml\u0131 olacak \u015fekilde ki\u015fiselle\u015ftirmek i\u00e7in kullan\u0131l\u0131r. Bu \u00e7erezler ayr\u0131ca bu reklam kampanyalar\u0131n\u0131n verimlili\u011fini takip etmemize yard\u0131mc\u0131 olur.<br \/>\nBu \u00e7erezlerde saklanan bilgiler, \u00fc\u00e7\u00fcnc\u00fc taraf reklam sa\u011flay\u0131c\u0131lar taraf\u0131ndan taray\u0131c\u0131daki di\u011fer web sitelerinde size reklam g\u00f6stermek i\u00e7in de kullan\u0131labilir.<\/p>\n<p>\u0130\u015flevsel: Bunlar, web sitemizdeki baz\u0131 temel olmayan i\u015flevlere yard\u0131mc\u0131 olan \u00e7erezlerdir. Bu i\u015flevler, videolar gibi i\u00e7eriklerin yerle\u015ftirilmesini veya web sitesinin i\u00e7eri\u011finin sosyal medya platformlar\u0131nda payla\u015f\u0131lmas\u0131n\u0131 i\u00e7erir.<\/p>\n<p>Tercihler: Bu tan\u0131mlama bilgileri, web sitesine gelecekteki ziyaretlerinizde daha iyi ve verimli bir deneyim ya\u015faman\u0131z i\u00e7in ayarlar\u0131n\u0131z\u0131 ve dil tercihleri gibi g\u00f6z atma tercihlerinizi saklamam\u0131za yard\u0131mc\u0131 olur.<br \/>\n[cookie_audit column=&#8221;cookie,description&#8221; title=&#8221;A\u015fa\u011f\u0131daki liste, web sitemizde kullan\u0131lan \u00e7erezlerin ayr\u0131nt\u0131lar\u0131n\u0131 vermektedir.&#8221;]<\/p>\n<\/div>\n<h3>\u00c7erez tercihlerini nas\u0131l kontrol edebilirim?<\/h3>\n<div>\n<p>Tercihlerinizi daha sonra g\u00f6z atma oturumunuzdan de\u011fi\u015ftirmeye karar verirseniz, ekran\u0131n\u0131zdaki &#8220;Gizlilik ve \u00c7erez Politikas\u0131&#8221; sekmesine t\u0131klayabilirsiniz. Bu, tercihlerinizi de\u011fi\u015ftirmenize veya onay\u0131n\u0131z\u0131 tamamen geri \u00e7ekmenize olanak tan\u0131yan onay bildirimini tekrar g\u00f6r\u00fcnt\u00fcler.<\/p>\n<p>Buna ek olarak, farkl\u0131 taray\u0131c\u0131lar, web siteleri taraf\u0131ndan kullan\u0131lan \u00e7erezleri engellemek ve silmek i\u00e7in farkl\u0131 y\u00f6ntemler sunar. \u00c7erezleri engellemek\/silmek i\u00e7in taray\u0131c\u0131n\u0131z\u0131n ayarlar\u0131n\u0131 de\u011fi\u015ftirebilirsiniz. \u00c7erezlerin nas\u0131l y\u00f6netilece\u011fi ve silinece\u011fi hakk\u0131nda daha fazla bilgi edinmek i\u00e7in wikipedia.org, www.allaboutcookies.org adresini ziyaret edin.<\/p>\n<\/div>\n<\/div>\n","protected":false},"excerpt":{"rendered":"<p>YASAL UYARI &amp; \u00c7EREZ POL\u0130T\u0130KASI \u00c7erez Politikas\u0131, \u00e7erezlerin ne oldu\u011funu ve bunlar\u0131 nas\u0131l kulland\u0131\u011f\u0131m\u0131z\u0131, kulland\u0131\u011f\u0131m\u0131z \u00e7erez t\u00fcrlerini, yani \u00e7erezleri kullanarak<\/p>\n","protected":false},"author":1,"featured_media":0,"parent":0,"menu_order":0,"comment_status":"closed","ping_status":"closed","template":"","meta":{"footnotes":""},"class_list":["post-10733","page","type-page","status-publish","hentry"],"yoast_head":"<!-- This site is optimized with the Yoast SEO plugin v27.4 - https:\/\/yoast.com\/product\/yoast-seo-wordpress\/ -->\n<title>Yasal Uyar\u0131 - Blancia Eyewear<\/title>\n<meta name=\"robots\" content=\"index, follow, max-snippet:-1, max-image-preview:large, max-video-preview:-1\" \/>\n<link rel=\"canonical\" href=\"https:\/\/blanciaeyewear.com\/tr\/yasal-uyari\/\" \/>\n<meta property=\"og:locale\" content=\"tr_TR\" \/>\n<meta property=\"og:type\" content=\"article\" \/>\n<meta property=\"og:title\" content=\"Yasal Uyar\u0131 - Blancia Eyewear\" \/>\n<meta property=\"og:description\" content=\"YASAL UYARI &amp; \u00c7EREZ POL\u0130T\u0130KASI \u00c7erez Politikas\u0131, \u00e7erezlerin ne oldu\u011funu ve bunlar\u0131 nas\u0131l kulland\u0131\u011f\u0131m\u0131z\u0131, kulland\u0131\u011f\u0131m\u0131z \u00e7erez t\u00fcrlerini, yani \u00e7erezleri kullanarak\" \/>\n<meta property=\"og:url\" content=\"https:\/\/blanciaeyewear.com\/tr\/yasal-uyari\/\" \/>\n<meta property=\"og:site_name\" content=\"Blancia Eyewear\" \/>\n<meta property=\"article:modified_time\" content=\"2022-04-13T12:14:56+00:00\" \/>\n<meta name=\"twitter:card\" content=\"summary_large_image\" \/>\n<meta name=\"twitter:label1\" content=\"Tahmini okuma s\u00fcresi\" \/>\n\t<meta name=\"twitter:data1\" content=\"3 dakika\" \/>\n<script type=\"application\/ld+json\" class=\"yoast-schema-graph\">{\"@context\":\"https:\\\/\\\/schema.org\",\"@graph\":[{\"@type\":\"WebPage\",\"@id\":\"https:\\\/\\\/blanciaeyewear.com\\\/tr\\\/yasal-uyari\\\/\",\"url\":\"https:\\\/\\\/blanciaeyewear.com\\\/tr\\\/yasal-uyari\\\/\",\"name\":\"Yasal Uyar\u0131 - Blancia Eyewear\",\"isPartOf\":{\"@id\":\"https:\\\/\\\/blanciaeyewear.com\\\/#website\"},\"datePublished\":\"2022-01-16T19:57:16+00:00\",\"dateModified\":\"2022-04-13T12:14:56+00:00\",\"breadcrumb\":{\"@id\":\"https:\\\/\\\/blanciaeyewear.com\\\/tr\\\/yasal-uyari\\\/#breadcrumb\"},\"inLanguage\":\"tr\",\"potentialAction\":[{\"@type\":\"ReadAction\",\"target\":[\"https:\\\/\\\/blanciaeyewear.com\\\/tr\\\/yasal-uyari\\\/\"]}]},{\"@type\":\"BreadcrumbList\",\"@id\":\"https:\\\/\\\/blanciaeyewear.com\\\/tr\\\/yasal-uyari\\\/#breadcrumb\",\"itemListElement\":[{\"@type\":\"ListItem\",\"position\":1,\"name\":\"Home\",\"item\":\"https:\\\/\\\/blanciaeyewear.com\\\/tr\\\/\"},{\"@type\":\"ListItem\",\"position\":2,\"name\":\"Yasal Uyar\u0131\"}]},{\"@type\":\"WebSite\",\"@id\":\"https:\\\/\\\/blanciaeyewear.com\\\/#website\",\"url\":\"https:\\\/\\\/blanciaeyewear.com\\\/\",\"name\":\"Blancia Eyewear\",\"description\":\"\",\"publisher\":{\"@id\":\"https:\\\/\\\/blanciaeyewear.com\\\/#organization\"},\"potentialAction\":[{\"@type\":\"SearchAction\",\"target\":{\"@type\":\"EntryPoint\",\"urlTemplate\":\"https:\\\/\\\/blanciaeyewear.com\\\/?s={search_term_string}\"},\"query-input\":{\"@type\":\"PropertyValueSpecification\",\"valueRequired\":true,\"valueName\":\"search_term_string\"}}],\"inLanguage\":\"tr\"},{\"@type\":\"Organization\",\"@id\":\"https:\\\/\\\/blanciaeyewear.com\\\/#organization\",\"name\":\"Blancia Eyewear\",\"url\":\"https:\\\/\\\/blanciaeyewear.com\\\/\",\"logo\":{\"@type\":\"ImageObject\",\"inLanguage\":\"tr\",\"@id\":\"https:\\\/\\\/blanciaeyewear.com\\\/#\\\/schema\\\/logo\\\/image\\\/\",\"url\":\"http:\\\/\\\/blanciaeyewear.com\\\/wp-content\\\/uploads\\\/2022\\\/09\\\/Blancia-logo.png\",\"contentUrl\":\"http:\\\/\\\/blanciaeyewear.com\\\/wp-content\\\/uploads\\\/2022\\\/09\\\/Blancia-logo.png\",\"width\":1385,\"height\":490,\"caption\":\"Blancia Eyewear\"},\"image\":{\"@id\":\"https:\\\/\\\/blanciaeyewear.com\\\/#\\\/schema\\\/logo\\\/image\\\/\"},\"sameAs\":[\"https:\\\/\\\/www.instagram.com\\\/blanciamilanoeyewear\"]}]}<\/script>\n<!-- \/ Yoast SEO plugin. -->","yoast_head_json":{"title":"Yasal Uyar\u0131 - Blancia Eyewear","robots":{"index":"index","follow":"follow","max-snippet":"max-snippet:-1","max-image-preview":"max-image-preview:large","max-video-preview":"max-video-preview:-1"},"canonical":"https:\/\/blanciaeyewear.com\/tr\/yasal-uyari\/","og_locale":"tr_TR","og_type":"article","og_title":"Yasal Uyar\u0131 - Blancia Eyewear","og_description":"YASAL UYARI &amp; \u00c7EREZ POL\u0130T\u0130KASI \u00c7erez Politikas\u0131, \u00e7erezlerin ne oldu\u011funu ve bunlar\u0131 nas\u0131l kulland\u0131\u011f\u0131m\u0131z\u0131, kulland\u0131\u011f\u0131m\u0131z \u00e7erez t\u00fcrlerini, yani \u00e7erezleri kullanarak","og_url":"https:\/\/blanciaeyewear.com\/tr\/yasal-uyari\/","og_site_name":"Blancia Eyewear","article_modified_time":"2022-04-13T12:14:56+00:00","twitter_card":"summary_large_image","twitter_misc":{"Tahmini okuma s\u00fcresi":"3 dakika"},"schema":{"@context":"https:\/\/schema.org","@graph":[{"@type":"WebPage","@id":"https:\/\/blanciaeyewear.com\/tr\/yasal-uyari\/","url":"https:\/\/blanciaeyewear.com\/tr\/yasal-uyari\/","name":"Yasal Uyar\u0131 - Blancia Eyewear","isPartOf":{"@id":"https:\/\/blanciaeyewear.com\/#website"},"datePublished":"2022-01-16T19:57:16+00:00","dateModified":"2022-04-13T12:14:56+00:00","breadcrumb":{"@id":"https:\/\/blanciaeyewear.com\/tr\/yasal-uyari\/#breadcrumb"},"inLanguage":"tr","potentialAction":[{"@type":"ReadAction","target":["https:\/\/blanciaeyewear.com\/tr\/yasal-uyari\/"]}]},{"@type":"BreadcrumbList","@id":"https:\/\/blanciaeyewear.com\/tr\/yasal-uyari\/#breadcrumb","itemListElement":[{"@type":"ListItem","position":1,"name":"Home","item":"https:\/\/blanciaeyewear.com\/tr\/"},{"@type":"ListItem","position":2,"name":"Yasal Uyar\u0131"}]},{"@type":"WebSite","@id":"https:\/\/blanciaeyewear.com\/#website","url":"https:\/\/blanciaeyewear.com\/","name":"Blancia Eyewear","description":"","publisher":{"@id":"https:\/\/blanciaeyewear.com\/#organization"},"potentialAction":[{"@type":"SearchAction","target":{"@type":"EntryPoint","urlTemplate":"https:\/\/blanciaeyewear.com\/?s={search_term_string}"},"query-input":{"@type":"PropertyValueSpecification","valueRequired":true,"valueName":"search_term_string"}}],"inLanguage":"tr"},{"@type":"Organization","@id":"https:\/\/blanciaeyewear.com\/#organization","name":"Blancia Eyewear","url":"https:\/\/blanciaeyewear.com\/","logo":{"@type":"ImageObject","inLanguage":"tr","@id":"https:\/\/blanciaeyewear.com\/#\/schema\/logo\/image\/","url":"http:\/\/blanciaeyewear.com\/wp-content\/uploads\/2022\/09\/Blancia-logo.png","contentUrl":"http:\/\/blanciaeyewear.com\/wp-content\/uploads\/2022\/09\/Blancia-logo.png","width":1385,"height":490,"caption":"Blancia Eyewear"},"image":{"@id":"https:\/\/blanciaeyewear.com\/#\/schema\/logo\/image\/"},"sameAs":["https:\/\/www.instagram.com\/blanciamilanoeyewear"]}]}},"_links":{"self":[{"href":"https:\/\/blanciaeyewear.com\/tr\/wp-json\/wp\/v2\/pages\/10733","targetHints":{"allow":["GET"]}}],"collection":[{"href":"https:\/\/blanciaeyewear.com\/tr\/wp-json\/wp\/v2\/pages"}],"about":[{"href":"https:\/\/blanciaeyewear.com\/tr\/wp-json\/wp\/v2\/types\/page"}],"author":[{"embeddable":true,"href":"https:\/\/blanciaeyewear.com\/tr\/wp-json\/wp\/v2\/users\/1"}],"replies":[{"embeddable":true,"href":"https:\/\/blanciaeyewear.com\/tr\/wp-json\/wp\/v2\/comments?post=10733"}],"version-history":[{"count":3,"href":"https:\/\/blanciaeyewear.com\/tr\/wp-json\/wp\/v2\/pages\/10733\/revisions"}],"predecessor-version":[{"id":15353,"href":"https:\/\/blanciaeyewear.com\/tr\/wp-json\/wp\/v2\/pages\/10733\/revisions\/15353"}],"wp:attachment":[{"href":"https:\/\/blanciaeyewear.com\/tr\/wp-json\/wp\/v2\/media?parent=10733"}],"curies":[{"name":"wp","href":"https:\/\/api.w.org\/{rel}","templated":true}]}}