{"id":10686,"date":"2021-10-12T15:51:09","date_gmt":"2021-10-12T12:51:09","guid":{"rendered":"http:\/\/blanciaeyewear.com\/new\/about\/"},"modified":"2022-11-24T10:55:45","modified_gmt":"2022-11-24T07:55:45","slug":"hakkimizda","status":"publish","type":"page","link":"https:\/\/blanciaeyewear.com\/tr\/hakkimizda\/","title":{"rendered":"Hakk\u0131m\u0131zda"},"content":{"rendered":"\t\t<div data-elementor-type=\"wp-page\" data-elementor-id=\"10686\" class=\"elementor elementor-10686\">\n\t\t\t\t\t\t<section class=\"elementor-section elementor-top-section elementor-element elementor-element-fa40008 elementor-section-content-middle elementor-section-boxed elementor-section-height-default elementor-section-height-default wd-section-disabled\" data-id=\"fa40008\" data-element_type=\"section\" data-e-type=\"section\">\n\t\t\t\t\t\t<div class=\"elementor-container elementor-column-gap-default\">\n\t\t\t\t\t<div class=\"elementor-column elementor-col-100 elementor-top-column elementor-element elementor-element-0961da7\" data-id=\"0961da7\" data-element_type=\"column\" data-e-type=\"column\">\n\t\t\t<div class=\"elementor-widget-wrap elementor-element-populated\">\n\t\t\t\t\t\t<div class=\"elementor-element elementor-element-1f6fa2d elementor-widget elementor-widget-heading\" data-id=\"1f6fa2d\" data-element_type=\"widget\" data-e-type=\"widget\" data-widget_type=\"heading.default\">\n\t\t\t\t<div class=\"elementor-widget-container\">\n\t\t\t\t\t<h2 class=\"elementor-heading-title elementor-size-default\">ANA H\u0130KAYEM\u0130Z<\/h2>\t\t\t\t<\/div>\n\t\t\t\t<\/div>\n\t\t\t\t<div class=\"elementor-element elementor-element-1500656 elementor-widget elementor-widget-wd_text_block\" data-id=\"1500656\" data-element_type=\"widget\" data-e-type=\"widget\" data-widget_type=\"wd_text_block.default\">\n\t\t\t\t<div class=\"elementor-widget-container\">\n\t\t\t\t\t\t\t<div class=\"wd-text-block reset-last-child text-center\">\n\t\t\t\n\t\t\t<p style=\"text-align: center;\">Fark edilir olman\u0131n s\u0131rr\u0131 s\u0131ra d\u0131\u015f\u0131 davran\u0131\u015flarda, avantgarde aksesuarlarda de\u011fil, farkl\u0131 olman\u0131n getirdi\u011fi \u00f6zg\u00fcvende sakl\u0131d\u0131r. <\/p><p style=\"text-align: center;\">Farkl\u0131 olmaksa bir \u00e7aban\u0131n sonucu elde edilecek bir ba\u015far\u0131 de\u011fil, do\u011fal bir \"olma\" halidir.<\/p><p style=\"text-align: center;\">Ve kalabal\u0131klarda her zaman fark edilmeyi ba\u015faranlar klasik g\u00fczelli\u011fe ait t\u00fcm detaylar\u0131 do\u011fal bir \u00f6zg\u00fcvenle ta\u015f\u0131yanlard\u0131r.<\/p><p style=\"text-align: center;\">Blancia Milano'nun zamana meydan okuyan tasar\u0131m\u0131 ile fark edilmeye haz\u0131r m\u0131s\u0131n?<\/p>\n\t\t\t\t\t<\/div>\n\t\t\t\t\t\t<\/div>\n\t\t\t\t<\/div>\n\t\t\t\t\t<\/div>\n\t\t<\/div>\n\t\t\t\t\t<\/div>\n\t\t<\/section>\n\t\t\t\t<section class=\"elementor-section elementor-top-section elementor-element elementor-element-8eefef7 elementor-section-boxed elementor-section-height-default elementor-section-height-default wd-section-disabled\" data-id=\"8eefef7\" data-element_type=\"section\" data-e-type=\"section\">\n\t\t\t\t\t\t<div class=\"elementor-container elementor-column-gap-default\">\n\t\t\t\t\t<div class=\"elementor-column elementor-col-100 elementor-top-column elementor-element elementor-element-bbca25f\" data-id=\"bbca25f\" data-element_type=\"column\" data-e-type=\"column\">\n\t\t\t<div class=\"elementor-widget-wrap elementor-element-populated\">\n\t\t\t\t\t\t<div class=\"elementor-element elementor-element-2f0b8f1 elementor-widget elementor-widget-image\" data-id=\"2f0b8f1\" data-element_type=\"widget\" data-e-type=\"widget\" data-widget_type=\"image.default\">\n\t\t\t\t<div class=\"elementor-widget-container\">\n\t\t\t\t\t\t\t\t\t\t\t\t\t\t\t<img fetchpriority=\"high\" decoding=\"async\" width=\"1385\" height=\"490\" src=\"https:\/\/blanciaeyewear.com\/wp-content\/themes\/woodmart\/images\/lazy.png\" class=\"attachment-full size-full wp-image-16292 wd-lazy-load wd-lazy-fade\" alt=\"\" srcset=\"\" sizes=\"(max-width: 1385px) 100vw, 1385px\" data-wood-src=\"https:\/\/blanciaeyewear.com\/wp-content\/uploads\/2022\/09\/Blancia-logo.png\" data-srcset=\"https:\/\/blanciaeyewear.com\/wp-content\/uploads\/2022\/09\/Blancia-logo.png 1385w, https:\/\/blanciaeyewear.com\/wp-content\/uploads\/2022\/09\/Blancia-logo-400x142.png 400w, https:\/\/blanciaeyewear.com\/wp-content\/uploads\/2022\/09\/Blancia-logo-1300x460.png 1300w, https:\/\/blanciaeyewear.com\/wp-content\/uploads\/2022\/09\/Blancia-logo-768x272.png 768w, https:\/\/blanciaeyewear.com\/wp-content\/uploads\/2022\/09\/Blancia-logo-860x304.png 860w, https:\/\/blanciaeyewear.com\/wp-content\/uploads\/2022\/09\/Blancia-logo-1320x467.png 1320w, https:\/\/blanciaeyewear.com\/wp-content\/uploads\/2022\/09\/Blancia-logo-430x152.png 430w, https:\/\/blanciaeyewear.com\/wp-content\/uploads\/2022\/09\/Blancia-logo-700x248.png 700w, https:\/\/blanciaeyewear.com\/wp-content\/uploads\/2022\/09\/Blancia-logo-150x53.png 150w\" \/>\t\t\t\t\t\t\t\t\t\t\t\t\t\t\t<\/div>\n\t\t\t\t<\/div>\n\t\t\t\t\t<\/div>\n\t\t<\/div>\n\t\t\t\t\t<\/div>\n\t\t<\/section>\n\t\t\t\t<\/div>\n\t\t","protected":false},"excerpt":{"rendered":"<p>ANA H\u0130KAYEM\u0130Z Fark edilir olman\u0131n s\u0131rr\u0131 s\u0131ra d\u0131\u015f\u0131 davran\u0131\u015flarda, avantgarde aksesuarlarda de\u011fil, farkl\u0131 olman\u0131n getirdi\u011fi \u00f6zg\u00fcvende sakl\u0131d\u0131r. Farkl\u0131 olmaksa bir<\/p>\n","protected":false},"author":1,"featured_media":0,"parent":0,"menu_order":0,"comment_status":"closed","ping_status":"closed","template":"","meta":{"footnotes":""},"class_list":["post-10686","page","type-page","status-publish","hentry"],"yoast_head":"<!-- This site is optimized with the Yoast SEO plugin v27.4 - https:\/\/yoast.com\/product\/yoast-seo-wordpress\/ -->\n<title>Hakk\u0131m\u0131zda - Blancia Eyewear<\/title>\n<meta name=\"robots\" content=\"index, follow, max-snippet:-1, max-image-preview:large, max-video-preview:-1\" \/>\n<link rel=\"canonical\" href=\"https:\/\/blanciaeyewear.com\/tr\/hakkimizda\/\" \/>\n<meta property=\"og:locale\" content=\"tr_TR\" \/>\n<meta property=\"og:type\" content=\"article\" \/>\n<meta property=\"og:title\" content=\"Hakk\u0131m\u0131zda - Blancia Eyewear\" \/>\n<meta property=\"og:description\" content=\"ANA H\u0130KAYEM\u0130Z Fark edilir olman\u0131n s\u0131rr\u0131 s\u0131ra d\u0131\u015f\u0131 davran\u0131\u015flarda, avantgarde aksesuarlarda de\u011fil, farkl\u0131 olman\u0131n getirdi\u011fi \u00f6zg\u00fcvende sakl\u0131d\u0131r. Farkl\u0131 olmaksa bir\" \/>\n<meta property=\"og:url\" content=\"https:\/\/blanciaeyewear.com\/tr\/hakkimizda\/\" \/>\n<meta property=\"og:site_name\" content=\"Blancia Eyewear\" \/>\n<meta property=\"article:modified_time\" content=\"2022-11-24T07:55:45+00:00\" \/>\n<meta property=\"og:image\" content=\"http:\/\/blanciaeyewear.com\/wp-content\/uploads\/2022\/09\/Blancia-logo.png\" \/>\n<meta name=\"twitter:card\" content=\"summary_large_image\" \/>\n<meta name=\"twitter:label1\" content=\"Tahmini okuma s\u00fcresi\" \/>\n\t<meta name=\"twitter:data1\" content=\"1 dakika\" \/>\n<script type=\"application\/ld+json\" class=\"yoast-schema-graph\">{\"@context\":\"https:\\\/\\\/schema.org\",\"@graph\":[{\"@type\":\"WebPage\",\"@id\":\"https:\\\/\\\/blanciaeyewear.com\\\/tr\\\/hakkimizda\\\/\",\"url\":\"https:\\\/\\\/blanciaeyewear.com\\\/tr\\\/hakkimizda\\\/\",\"name\":\"Hakk\u0131m\u0131zda - Blancia Eyewear\",\"isPartOf\":{\"@id\":\"https:\\\/\\\/blanciaeyewear.com\\\/#website\"},\"primaryImageOfPage\":{\"@id\":\"https:\\\/\\\/blanciaeyewear.com\\\/tr\\\/hakkimizda\\\/#primaryimage\"},\"image\":{\"@id\":\"https:\\\/\\\/blanciaeyewear.com\\\/tr\\\/hakkimizda\\\/#primaryimage\"},\"thumbnailUrl\":\"http:\\\/\\\/blanciaeyewear.com\\\/wp-content\\\/uploads\\\/2022\\\/09\\\/Blancia-logo.png\",\"datePublished\":\"2021-10-12T12:51:09+00:00\",\"dateModified\":\"2022-11-24T07:55:45+00:00\",\"breadcrumb\":{\"@id\":\"https:\\\/\\\/blanciaeyewear.com\\\/tr\\\/hakkimizda\\\/#breadcrumb\"},\"inLanguage\":\"tr\",\"potentialAction\":[{\"@type\":\"ReadAction\",\"target\":[\"https:\\\/\\\/blanciaeyewear.com\\\/tr\\\/hakkimizda\\\/\"]}]},{\"@type\":\"ImageObject\",\"inLanguage\":\"tr\",\"@id\":\"https:\\\/\\\/blanciaeyewear.com\\\/tr\\\/hakkimizda\\\/#primaryimage\",\"url\":\"http:\\\/\\\/blanciaeyewear.com\\\/wp-content\\\/uploads\\\/2022\\\/09\\\/Blancia-logo.png\",\"contentUrl\":\"http:\\\/\\\/blanciaeyewear.com\\\/wp-content\\\/uploads\\\/2022\\\/09\\\/Blancia-logo.png\"},{\"@type\":\"BreadcrumbList\",\"@id\":\"https:\\\/\\\/blanciaeyewear.com\\\/tr\\\/hakkimizda\\\/#breadcrumb\",\"itemListElement\":[{\"@type\":\"ListItem\",\"position\":1,\"name\":\"Home\",\"item\":\"https:\\\/\\\/blanciaeyewear.com\\\/tr\\\/\"},{\"@type\":\"ListItem\",\"position\":2,\"name\":\"Hakk\u0131m\u0131zda\"}]},{\"@type\":\"WebSite\",\"@id\":\"https:\\\/\\\/blanciaeyewear.com\\\/#website\",\"url\":\"https:\\\/\\\/blanciaeyewear.com\\\/\",\"name\":\"Blancia Eyewear\",\"description\":\"\",\"publisher\":{\"@id\":\"https:\\\/\\\/blanciaeyewear.com\\\/#organization\"},\"potentialAction\":[{\"@type\":\"SearchAction\",\"target\":{\"@type\":\"EntryPoint\",\"urlTemplate\":\"https:\\\/\\\/blanciaeyewear.com\\\/?s={search_term_string}\"},\"query-input\":{\"@type\":\"PropertyValueSpecification\",\"valueRequired\":true,\"valueName\":\"search_term_string\"}}],\"inLanguage\":\"tr\"},{\"@type\":\"Organization\",\"@id\":\"https:\\\/\\\/blanciaeyewear.com\\\/#organization\",\"name\":\"Blancia Eyewear\",\"url\":\"https:\\\/\\\/blanciaeyewear.com\\\/\",\"logo\":{\"@type\":\"ImageObject\",\"inLanguage\":\"tr\",\"@id\":\"https:\\\/\\\/blanciaeyewear.com\\\/#\\\/schema\\\/logo\\\/image\\\/\",\"url\":\"http:\\\/\\\/blanciaeyewear.com\\\/wp-content\\\/uploads\\\/2022\\\/09\\\/Blancia-logo.png\",\"contentUrl\":\"http:\\\/\\\/blanciaeyewear.com\\\/wp-content\\\/uploads\\\/2022\\\/09\\\/Blancia-logo.png\",\"width\":1385,\"height\":490,\"caption\":\"Blancia Eyewear\"},\"image\":{\"@id\":\"https:\\\/\\\/blanciaeyewear.com\\\/#\\\/schema\\\/logo\\\/image\\\/\"},\"sameAs\":[\"https:\\\/\\\/www.instagram.com\\\/blanciamilanoeyewear\"]}]}<\/script>\n<!-- \/ Yoast SEO plugin. -->","yoast_head_json":{"title":"Hakk\u0131m\u0131zda - Blancia Eyewear","robots":{"index":"index","follow":"follow","max-snippet":"max-snippet:-1","max-image-preview":"max-image-preview:large","max-video-preview":"max-video-preview:-1"},"canonical":"https:\/\/blanciaeyewear.com\/tr\/hakkimizda\/","og_locale":"tr_TR","og_type":"article","og_title":"Hakk\u0131m\u0131zda - Blancia Eyewear","og_description":"ANA H\u0130KAYEM\u0130Z Fark edilir olman\u0131n s\u0131rr\u0131 s\u0131ra d\u0131\u015f\u0131 davran\u0131\u015flarda, avantgarde aksesuarlarda de\u011fil, farkl\u0131 olman\u0131n getirdi\u011fi \u00f6zg\u00fcvende sakl\u0131d\u0131r. Farkl\u0131 olmaksa bir","og_url":"https:\/\/blanciaeyewear.com\/tr\/hakkimizda\/","og_site_name":"Blancia Eyewear","article_modified_time":"2022-11-24T07:55:45+00:00","og_image":[{"url":"http:\/\/blanciaeyewear.com\/wp-content\/uploads\/2022\/09\/Blancia-logo.png","type":"","width":"","height":""}],"twitter_card":"summary_large_image","twitter_misc":{"Tahmini okuma s\u00fcresi":"1 dakika"},"schema":{"@context":"https:\/\/schema.org","@graph":[{"@type":"WebPage","@id":"https:\/\/blanciaeyewear.com\/tr\/hakkimizda\/","url":"https:\/\/blanciaeyewear.com\/tr\/hakkimizda\/","name":"Hakk\u0131m\u0131zda - Blancia Eyewear","isPartOf":{"@id":"https:\/\/blanciaeyewear.com\/#website"},"primaryImageOfPage":{"@id":"https:\/\/blanciaeyewear.com\/tr\/hakkimizda\/#primaryimage"},"image":{"@id":"https:\/\/blanciaeyewear.com\/tr\/hakkimizda\/#primaryimage"},"thumbnailUrl":"http:\/\/blanciaeyewear.com\/wp-content\/uploads\/2022\/09\/Blancia-logo.png","datePublished":"2021-10-12T12:51:09+00:00","dateModified":"2022-11-24T07:55:45+00:00","breadcrumb":{"@id":"https:\/\/blanciaeyewear.com\/tr\/hakkimizda\/#breadcrumb"},"inLanguage":"tr","potentialAction":[{"@type":"ReadAction","target":["https:\/\/blanciaeyewear.com\/tr\/hakkimizda\/"]}]},{"@type":"ImageObject","inLanguage":"tr","@id":"https:\/\/blanciaeyewear.com\/tr\/hakkimizda\/#primaryimage","url":"http:\/\/blanciaeyewear.com\/wp-content\/uploads\/2022\/09\/Blancia-logo.png","contentUrl":"http:\/\/blanciaeyewear.com\/wp-content\/uploads\/2022\/09\/Blancia-logo.png"},{"@type":"BreadcrumbList","@id":"https:\/\/blanciaeyewear.com\/tr\/hakkimizda\/#breadcrumb","itemListElement":[{"@type":"ListItem","position":1,"name":"Home","item":"https:\/\/blanciaeyewear.com\/tr\/"},{"@type":"ListItem","position":2,"name":"Hakk\u0131m\u0131zda"}]},{"@type":"WebSite","@id":"https:\/\/blanciaeyewear.com\/#website","url":"https:\/\/blanciaeyewear.com\/","name":"Blancia Eyewear","description":"","publisher":{"@id":"https:\/\/blanciaeyewear.com\/#organization"},"potentialAction":[{"@type":"SearchAction","target":{"@type":"EntryPoint","urlTemplate":"https:\/\/blanciaeyewear.com\/?s={search_term_string}"},"query-input":{"@type":"PropertyValueSpecification","valueRequired":true,"valueName":"search_term_string"}}],"inLanguage":"tr"},{"@type":"Organization","@id":"https:\/\/blanciaeyewear.com\/#organization","name":"Blancia Eyewear","url":"https:\/\/blanciaeyewear.com\/","logo":{"@type":"ImageObject","inLanguage":"tr","@id":"https:\/\/blanciaeyewear.com\/#\/schema\/logo\/image\/","url":"http:\/\/blanciaeyewear.com\/wp-content\/uploads\/2022\/09\/Blancia-logo.png","contentUrl":"http:\/\/blanciaeyewear.com\/wp-content\/uploads\/2022\/09\/Blancia-logo.png","width":1385,"height":490,"caption":"Blancia Eyewear"},"image":{"@id":"https:\/\/blanciaeyewear.com\/#\/schema\/logo\/image\/"},"sameAs":["https:\/\/www.instagram.com\/blanciamilanoeyewear"]}]}},"_links":{"self":[{"href":"https:\/\/blanciaeyewear.com\/tr\/wp-json\/wp\/v2\/pages\/10686","targetHints":{"allow":["GET"]}}],"collection":[{"href":"https:\/\/blanciaeyewear.com\/tr\/wp-json\/wp\/v2\/pages"}],"about":[{"href":"https:\/\/blanciaeyewear.com\/tr\/wp-json\/wp\/v2\/types\/page"}],"author":[{"embeddable":true,"href":"https:\/\/blanciaeyewear.com\/tr\/wp-json\/wp\/v2\/users\/1"}],"replies":[{"embeddable":true,"href":"https:\/\/blanciaeyewear.com\/tr\/wp-json\/wp\/v2\/comments?post=10686"}],"version-history":[{"count":34,"href":"https:\/\/blanciaeyewear.com\/tr\/wp-json\/wp\/v2\/pages\/10686\/revisions"}],"predecessor-version":[{"id":17869,"href":"https:\/\/blanciaeyewear.com\/tr\/wp-json\/wp\/v2\/pages\/10686\/revisions\/17869"}],"wp:attachment":[{"href":"https:\/\/blanciaeyewear.com\/tr\/wp-json\/wp\/v2\/media?parent=10686"}],"curies":[{"name":"wp","href":"https:\/\/api.w.org\/{rel}","templated":true}]}}